{"id":14711,"date":"2024-03-20T18:11:26","date_gmt":"2024-03-20T15:11:26","guid":{"rendered":"https:\/\/edam.com.tr\/urun\/her-yas-icin-boyama-cicekler\/"},"modified":"2026-03-05T15:48:16","modified_gmt":"2026-03-05T12:48:16","slug":"her-yas-icin-boyama-cicekler","status":"publish","type":"product","link":"https:\/\/edam.com.tr\/en\/product\/her-yas-icin-boyama-cicekler\/","title":{"rendered":"Her Ya\u015f \u0130\u00e7in Boyama &#8211; \u00c7i\u00e7ekler"},"content":{"rendered":"<p>\u0130ster \u00e7i\u00e7ekleri seven bir amat\u00f6r, ister \u00e7i\u00e7e\u011fi burnunda bir ressam, isterse her ikisi birden olun, bu keyifli boyama kitab\u0131 eminiz ki sizi \u00e7ok mutlu edecek. Kitapta Pierre-Joseph Redout\u00e9\u2019nin botanik klasi\u011fi Choice of the Most Beautiful Flowers adl\u0131 eserinden al\u0131nan 40 resim bulunuyor. Bu resimlerin hemen yan\u0131nda ise ayn\u0131 resimlerin boyanmaya haz\u0131r \u00e7izimleri var. Kitap bize g\u00fcl ve lale gibi \u00e7ok bilinen ve sevilen \u00e7i\u00e7eklerin yan\u0131 s\u0131ra \u015fakay\u0131k, sarma\u015f\u0131k, kamelya, nergis, hercai menek\u015fe gibi daha az bilinen \u00e7i\u00e7eklerin de i\u00e7inde yer ald\u0131\u011f\u0131 harika bir buket sunuyor. Bu \u00e7i\u00e7eklerin ba\u015far\u0131l\u0131 \u00e7izimleri incelikle ve do\u011fru bir \u015fekilde yap\u0131lm\u0131\u015f bir boyama i\u00e7in muhte\u015fem bir malzeme sa\u011fl\u0131yor.<\/p>\n","protected":false},"excerpt":{"rendered":"<p>\u0130ster \u00e7i\u00e7ekleri seven bir amat\u00f6r, ister \u00e7i\u00e7e\u011fi burnunda bir ressam,&hellip;<\/p>\n<p> <a class=\"more-link\" href=\"https:\/\/edam.com.tr\/en\/product\/her-yas-icin-boyama-cicekler\/\">Read more<\/a><\/p>\n","protected":false},"featured_media":14039,"comment_status":"open","ping_status":"closed","template":"","meta":{"_acf_changed":false},"product_brand":[],"product_cat":[432,431,430],"product_tag":[701],"class_list":{"0":"post-14711","1":"product","2":"type-product","3":"status-publish","4":"has-post-thumbnail","6":"product_cat-coloring-for-adults","7":"product_cat-hobby","8":"product_cat-nonfiction","9":"product_tag-her-yas-icin-boyama-en","10":"pa_katki-saglayan-hatice-isilak-durmus-en","11":"pa_katki-saglayan-muhammed-suheyl-genc-en","12":"pa_katki-saglayan-zeynep-alp-en","13":"pa_yas-gruplari-general-audience","15":"first","16":"outofstock","17":"taxable","18":"shipping-taxable","19":"purchasable","20":"product-type-simple"},"acf":[],"_links":{"self":[{"href":"https:\/\/edam.com.tr\/en\/wp-json\/wp\/v2\/product\/14711","targetHints":{"allow":["GET"]}}],"collection":[{"href":"https:\/\/edam.com.tr\/en\/wp-json\/wp\/v2\/product"}],"about":[{"href":"https:\/\/edam.com.tr\/en\/wp-json\/wp\/v2\/types\/product"}],"replies":[{"embeddable":true,"href":"https:\/\/edam.com.tr\/en\/wp-json\/wp\/v2\/comments?post=14711"}],"wp:featuredmedia":[{"embeddable":true,"href":"https:\/\/edam.com.tr\/en\/wp-json\/wp\/v2\/media\/14039"}],"wp:attachment":[{"href":"https:\/\/edam.com.tr\/en\/wp-json\/wp\/v2\/media?parent=14711"}],"wp:term":[{"taxonomy":"product_brand","embeddable":true,"href":"https:\/\/edam.com.tr\/en\/wp-json\/wp\/v2\/product_brand?post=14711"},{"taxonomy":"product_cat","embeddable":true,"href":"https:\/\/edam.com.tr\/en\/wp-json\/wp\/v2\/product_cat?post=14711"},{"taxonomy":"product_tag","embeddable":true,"href":"https:\/\/edam.com.tr\/en\/wp-json\/wp\/v2\/product_tag?post=14711"}],"curies":[{"name":"wp","href":"https:\/\/api.w.org\/{rel}","templated":true}]}}