{"id":14710,"date":"2024-03-20T18:11:26","date_gmt":"2024-03-20T15:11:26","guid":{"rendered":"https:\/\/edam.com.tr\/urun\/her-yas-icin-boyama-kelebekler\/"},"modified":"2026-01-02T00:16:36","modified_gmt":"2026-01-01T21:16:36","slug":"her-yas-icin-boyama-kelebekler","status":"publish","type":"product","link":"https:\/\/edam.com.tr\/en\/product\/her-yas-icin-boyama-kelebekler\/","title":{"rendered":"Her Ya\u015f \u0130\u00e7in Boyama &#8211; Kelebekler"},"content":{"rendered":"<p>Bu e\u011flenceli boyama kitab\u0131 kelebekleri seven ve boyama konusunda kendini geli\u015ftirmek isteyen herkesin sahip olmas\u0131 gereken bir kitap. Kelebekler g\u00f6z kama\u015ft\u0131r\u0131c\u0131 motiflere ve renklere sahiptir. Bu kitapta bulunan \u00e7izimler kelebeklerin \u00e7e\u015fitlili\u011fini ve do\u011fal g\u00fczelli\u011fini ortaya koyuyor. \u0130ncelikle i\u015flenmi\u015f bu tarih\u00ee do\u011fa \u00e7izimleri kelebekleri do\u011fal ortam\u0131nda resmediyor. Resimlerin kar\u015f\u0131 taraf\u0131nda ise tam sayfa boyama modeli yer al\u0131yor. Kelebekleri ger\u00e7ek hayattaki gibi t\u00fcm detaylar\u0131yla resmetmek imk\u00e2ns\u0131z ama bu sayfalarda kelebeklerin muhte\u015fem motiflerini incelemek ve boyamak i\u00e7in istedi\u011finiz kadar vakte sahipsiniz.<\/p>\n","protected":false},"excerpt":{"rendered":"<p>Bu e\u011flenceli boyama kitab\u0131 kelebekleri seven ve boyama konusunda kendini&hellip;<\/p>\n<p> <a class=\"more-link\" href=\"https:\/\/edam.com.tr\/en\/product\/her-yas-icin-boyama-kelebekler\/\">Read more<\/a><\/p>\n","protected":false},"featured_media":14047,"comment_status":"open","ping_status":"closed","template":"","meta":{"_acf_changed":false},"product_brand":[],"product_cat":[432,431,430],"product_tag":[701],"class_list":{"0":"post-14710","1":"product","2":"type-product","3":"status-publish","4":"has-post-thumbnail","6":"product_cat-coloring-for-adults","7":"product_cat-hobby","8":"product_cat-nonfiction","9":"product_tag-her-yas-icin-boyama-en","10":"pa_katki-saglayan-hatice-isilak-durmus-en","11":"pa_katki-saglayan-mehmet-burhan-genc-en","12":"pa_katki-saglayan-zeynep-alp-en","13":"pa_yas-gruplari-general-audience","15":"first","16":"outofstock","17":"taxable","18":"shipping-taxable","19":"purchasable","20":"product-type-simple"},"acf":[],"_links":{"self":[{"href":"https:\/\/edam.com.tr\/en\/wp-json\/wp\/v2\/product\/14710","targetHints":{"allow":["GET"]}}],"collection":[{"href":"https:\/\/edam.com.tr\/en\/wp-json\/wp\/v2\/product"}],"about":[{"href":"https:\/\/edam.com.tr\/en\/wp-json\/wp\/v2\/types\/product"}],"replies":[{"embeddable":true,"href":"https:\/\/edam.com.tr\/en\/wp-json\/wp\/v2\/comments?post=14710"}],"wp:featuredmedia":[{"embeddable":true,"href":"https:\/\/edam.com.tr\/en\/wp-json\/wp\/v2\/media\/14047"}],"wp:attachment":[{"href":"https:\/\/edam.com.tr\/en\/wp-json\/wp\/v2\/media?parent=14710"}],"wp:term":[{"taxonomy":"product_brand","embeddable":true,"href":"https:\/\/edam.com.tr\/en\/wp-json\/wp\/v2\/product_brand?post=14710"},{"taxonomy":"product_cat","embeddable":true,"href":"https:\/\/edam.com.tr\/en\/wp-json\/wp\/v2\/product_cat?post=14710"},{"taxonomy":"product_tag","embeddable":true,"href":"https:\/\/edam.com.tr\/en\/wp-json\/wp\/v2\/product_tag?post=14710"}],"curies":[{"name":"wp","href":"https:\/\/api.w.org\/{rel}","templated":true}]}}