{"id":14709,"date":"2024-03-20T18:11:26","date_gmt":"2024-03-20T15:11:26","guid":{"rendered":"https:\/\/edam.com.tr\/urun\/cok-kolay-orgu-cocuklara-ozel\/"},"modified":"2026-01-02T00:16:36","modified_gmt":"2026-01-01T21:16:36","slug":"cok-kolay-orgu-cocuklara-ozel","status":"publish","type":"product","link":"https:\/\/edam.com.tr\/en\/product\/cok-kolay-orgu-cocuklara-ozel\/","title":{"rendered":"\u00c7ok Kolay \u00d6rg\u00fc (\u00c7ocuklara \u00d6zel)"},"content":{"rendered":"<p>\u00d6rg\u00fc kitab\u0131 geldi! \u00d6rg\u00fc bilmeyenler \u00f6\u011frensin, bilenler yeni yollar ke\u015ffedip e\u011flensin diye\u2026 \u0130ster \u00e7ocuk olun, ister yeti\u015fkin; \u00fcretmenin keyfine varmak istiyorsan\u0131z bu kitap tam size g\u00f6re! \u00d6r\u00fcn, dokuyun, i\u015fleyin. T\u0131\u011fla, \u015fi\u015fle, i\u011fne iplikle hatta parmaklar\u0131n\u0131zla birbirinden renkli, \u015f\u0131k ve \u00f6zg\u00fcn tasar\u0131mlara hayat verin.<\/p>\n<p>K\u0131\u015f g\u00fcnlerinizi saracak reng\u00e2renk bir boyunlu\u011fa ne dersiniz? Peki ya, tilki \u015feklinde bir atk\u0131ya? Arkada\u015f\u0131n\u0131za kendi yapt\u0131\u011f\u0131n\u0131z kartpostal\u0131 hediye etmek ister misiniz? Yahut karde\u015finize mataras\u0131 i\u00e7in bir file \u00f6rmek?<\/p>\n<p>Zarif ve kullan\u0131\u015fl\u0131 \u00e7antalar, terlikler, hal\u0131lar, yast\u0131klar, anahtarl\u0131klar, tak\u0131lar, kalemlikler hatta oyuncaklar ke\u015ffedilmek i\u00e7in sizleri bekliyor.<\/p>\n","protected":false},"excerpt":{"rendered":"<p>\u00d6rg\u00fc kitab\u0131 geldi! \u00d6rg\u00fc bilmeyenler \u00f6\u011frensin, bilenler yeni yollar ke\u015ffedip&hellip;<\/p>\n<p> <a class=\"more-link\" href=\"https:\/\/edam.com.tr\/en\/product\/cok-kolay-orgu-cocuklara-ozel\/\">Read more<\/a><\/p>\n","protected":false},"featured_media":14055,"comment_status":"open","ping_status":"closed","template":"","meta":{"_acf_changed":false},"product_brand":[],"product_cat":[427,428],"product_tag":[700],"class_list":{"0":"post-14709","1":"product","2":"type-product","3":"status-publish","4":"has-post-thumbnail","6":"product_cat-childrens","7":"product_cat-reference","8":"product_tag-orgu-en","9":"pa_katki-saglayan-bernadette-cuxart-en","10":"pa_katki-saglayan-hatice-isilak-durmus-en","11":"pa_katki-saglayan-zeynep-alp-en","12":"pa_yas-gruplari-9-14-en","14":"first","15":"instock","16":"taxable","17":"shipping-taxable","18":"purchasable","19":"product-type-simple"},"acf":[],"_links":{"self":[{"href":"https:\/\/edam.com.tr\/en\/wp-json\/wp\/v2\/product\/14709","targetHints":{"allow":["GET"]}}],"collection":[{"href":"https:\/\/edam.com.tr\/en\/wp-json\/wp\/v2\/product"}],"about":[{"href":"https:\/\/edam.com.tr\/en\/wp-json\/wp\/v2\/types\/product"}],"replies":[{"embeddable":true,"href":"https:\/\/edam.com.tr\/en\/wp-json\/wp\/v2\/comments?post=14709"}],"wp:featuredmedia":[{"embeddable":true,"href":"https:\/\/edam.com.tr\/en\/wp-json\/wp\/v2\/media\/14055"}],"wp:attachment":[{"href":"https:\/\/edam.com.tr\/en\/wp-json\/wp\/v2\/media?parent=14709"}],"wp:term":[{"taxonomy":"product_brand","embeddable":true,"href":"https:\/\/edam.com.tr\/en\/wp-json\/wp\/v2\/product_brand?post=14709"},{"taxonomy":"product_cat","embeddable":true,"href":"https:\/\/edam.com.tr\/en\/wp-json\/wp\/v2\/product_cat?post=14709"},{"taxonomy":"product_tag","embeddable":true,"href":"https:\/\/edam.com.tr\/en\/wp-json\/wp\/v2\/product_tag?post=14709"}],"curies":[{"name":"wp","href":"https:\/\/api.w.org\/{rel}","templated":true}]}}