{"id":14705,"date":"2024-03-20T18:11:26","date_gmt":"2024-03-20T15:11:26","guid":{"rendered":"https:\/\/edam.com.tr\/urun\/cok-kolay-dikis\/"},"modified":"2026-01-02T00:16:36","modified_gmt":"2026-01-01T21:16:36","slug":"cok-kolay-dikis","status":"publish","type":"product","link":"https:\/\/edam.com.tr\/en\/product\/cok-kolay-dikis\/","title":{"rendered":"\u00c7ok Kolay Diki\u015f"},"content":{"rendered":"<p>Bu kitapta anlat\u0131lan \u00e7al\u0131\u015fmalar\u0131 yaparken \u00e7ocuklar\u0131m\u0131z hem \u00e7ok g\u00fczel vakit ge\u00e7irecek hem de \u00e7ok g\u00fczel kazan\u0131mlar elde edecekler. Yapt\u0131klar\u0131 el i\u015fleri daha sab\u0131rl\u0131 ve daha d\u00fczenli bir ki\u015fi olmalar\u0131na katk\u0131da bulunacak. Ayr\u0131ca el becerileri, estetik duygular\u0131 ve yarat\u0131c\u0131l\u0131klar\u0131 da geli\u015fecek. Sadece bu kadar da de\u011fil. Bir de kendi el emekleriyle \u00fcrettikleri bir s\u00fcr\u00fc g\u00fczel e\u015fyay\u0131 kullanman\u0131n ya da sevdiklerine hediye etmenin zevki var.<\/p>\n<p>\u00dcstelik hepsi \u00e7ok kolay!<\/p>\n<div class=\"video-container\"><iframe title=\"YouTube video player\" src=\"https:\/\/www.youtube-nocookie.com\/embed\/videoseries?list=PLfslrx5zQvbY6bYGGFuwiYfu80KASb_5t&amp;rel=0\" frameborder=\"0\" allowfullscreen=\"allowfullscreen\"><\/iframe><\/div>\n","protected":false},"excerpt":{"rendered":"<p>Bu kitapta anlat\u0131lan \u00e7al\u0131\u015fmalar\u0131 yaparken \u00e7ocuklar\u0131m\u0131z hem \u00e7ok g\u00fczel vakit&hellip;<\/p>\n<p> <a class=\"more-link\" href=\"https:\/\/edam.com.tr\/en\/product\/cok-kolay-dikis\/\">Read more<\/a><\/p>\n","protected":false},"featured_media":14069,"comment_status":"open","ping_status":"closed","template":"","meta":{"_acf_changed":false},"product_brand":[],"product_cat":[427,428],"product_tag":[698,699],"class_list":{"0":"post-14705","1":"product","2":"type-product","3":"status-publish","4":"has-post-thumbnail","6":"product_cat-childrens","7":"product_cat-reference","8":"product_tag-beceri-en","9":"product_tag-dikis-en","10":"pa_katki-saglayan-hatice-isilak-durmus-en","11":"pa_katki-saglayan-rosa-m-curto-en","12":"pa_katki-saglayan-zeynep-alp-en","13":"pa_yas-gruplari-9-14-en","15":"first","16":"instock","17":"taxable","18":"shipping-taxable","19":"purchasable","20":"product-type-simple"},"acf":[],"_links":{"self":[{"href":"https:\/\/edam.com.tr\/en\/wp-json\/wp\/v2\/product\/14705","targetHints":{"allow":["GET"]}}],"collection":[{"href":"https:\/\/edam.com.tr\/en\/wp-json\/wp\/v2\/product"}],"about":[{"href":"https:\/\/edam.com.tr\/en\/wp-json\/wp\/v2\/types\/product"}],"replies":[{"embeddable":true,"href":"https:\/\/edam.com.tr\/en\/wp-json\/wp\/v2\/comments?post=14705"}],"wp:featuredmedia":[{"embeddable":true,"href":"https:\/\/edam.com.tr\/en\/wp-json\/wp\/v2\/media\/14069"}],"wp:attachment":[{"href":"https:\/\/edam.com.tr\/en\/wp-json\/wp\/v2\/media?parent=14705"}],"wp:term":[{"taxonomy":"product_brand","embeddable":true,"href":"https:\/\/edam.com.tr\/en\/wp-json\/wp\/v2\/product_brand?post=14705"},{"taxonomy":"product_cat","embeddable":true,"href":"https:\/\/edam.com.tr\/en\/wp-json\/wp\/v2\/product_cat?post=14705"},{"taxonomy":"product_tag","embeddable":true,"href":"https:\/\/edam.com.tr\/en\/wp-json\/wp\/v2\/product_tag?post=14705"}],"curies":[{"name":"wp","href":"https:\/\/api.w.org\/{rel}","templated":true}]}}