{"id":14703,"date":"2024-03-20T18:19:21","date_gmt":"2024-03-20T15:19:21","guid":{"rendered":"https:\/\/edam.com.tr\/urun\/kasikci-elmasi\/"},"modified":"2026-01-02T00:16:36","modified_gmt":"2026-01-01T21:16:36","slug":"kasikci-elmasi","status":"publish","type":"product","link":"https:\/\/edam.com.tr\/en\/product\/kasikci-elmasi\/","title":{"rendered":"Ka\u015f\u0131k\u00e7\u0131 Elmas\u0131"},"content":{"rendered":"<p>Bilge, Kerem, Mine, Mesut ve Semih\u2026 Ayasofya\u2019n\u0131n Kedisi maceras\u0131ndan tan\u0131d\u0131\u011f\u0131m\u0131z kahramanlar\u0131m\u0131z bu kitapta da yine s\u0131ra d\u0131\u015f\u0131 olaylarla kar\u015f\u0131 kar\u015f\u0131ya kal\u0131yorlar. Onlara bu macerada Kuyumcuba\u015f\u0131 e\u015flik ediyor. Topkap\u0131 Saray\u0131\u2019n\u0131n bilinmezlerine a\u00e7\u0131lan kap\u0131dan sen de girmeye ne dersin? Bu arada Kuyumcuba\u015f\u0131 kim sence? Sen de bu maceraya kat\u0131lmak istemez misin?<\/p>\n","protected":false},"excerpt":{"rendered":"<p>Bilge, Kerem, Mine, Mesut ve Semih\u2026 Ayasofya\u2019n\u0131n Kedisi maceras\u0131ndan tan\u0131d\u0131\u011f\u0131m\u0131z&hellip;<\/p>\n<p> <a class=\"more-link\" href=\"https:\/\/edam.com.tr\/en\/product\/kasikci-elmasi\/\">Read more<\/a><\/p>\n","protected":false},"featured_media":14418,"comment_status":"open","ping_status":"closed","template":"","meta":{"_acf_changed":false},"product_brand":[],"product_cat":[427,437,495],"product_tag":[692,694,695],"class_list":{"0":"post-14703","1":"product","2":"type-product","3":"status-publish","4":"has-post-thumbnail","6":"product_cat-childrens","7":"product_cat-fiction","8":"product_cat-the-istanbul-club-series","9":"product_tag-istanbul-en","10":"product_tag-kasikci-elmasi-en","11":"product_tag-topkapi-sarayi-en","13":"first","14":"instock","15":"taxable","16":"shipping-taxable","17":"purchasable","18":"product-type-simple"},"acf":[],"_links":{"self":[{"href":"https:\/\/edam.com.tr\/en\/wp-json\/wp\/v2\/product\/14703","targetHints":{"allow":["GET"]}}],"collection":[{"href":"https:\/\/edam.com.tr\/en\/wp-json\/wp\/v2\/product"}],"about":[{"href":"https:\/\/edam.com.tr\/en\/wp-json\/wp\/v2\/types\/product"}],"replies":[{"embeddable":true,"href":"https:\/\/edam.com.tr\/en\/wp-json\/wp\/v2\/comments?post=14703"}],"wp:featuredmedia":[{"embeddable":true,"href":"https:\/\/edam.com.tr\/en\/wp-json\/wp\/v2\/media\/14418"}],"wp:attachment":[{"href":"https:\/\/edam.com.tr\/en\/wp-json\/wp\/v2\/media?parent=14703"}],"wp:term":[{"taxonomy":"product_brand","embeddable":true,"href":"https:\/\/edam.com.tr\/en\/wp-json\/wp\/v2\/product_brand?post=14703"},{"taxonomy":"product_cat","embeddable":true,"href":"https:\/\/edam.com.tr\/en\/wp-json\/wp\/v2\/product_cat?post=14703"},{"taxonomy":"product_tag","embeddable":true,"href":"https:\/\/edam.com.tr\/en\/wp-json\/wp\/v2\/product_tag?post=14703"}],"curies":[{"name":"wp","href":"https:\/\/api.w.org\/{rel}","templated":true}]}}