{"id":14702,"date":"2024-03-20T18:19:22","date_gmt":"2024-03-20T15:19:22","guid":{"rendered":"https:\/\/edam.com.tr\/urun\/sarnicin-esrari\/"},"modified":"2026-01-02T00:16:36","modified_gmt":"2026-01-01T21:16:36","slug":"sarnicin-esrari","status":"publish","type":"product","link":"https:\/\/edam.com.tr\/en\/product\/sarnicin-esrari\/","title":{"rendered":"Sarn\u0131c\u0131n Esrar\u0131"},"content":{"rendered":"<p>Sevilen kahramanlar\u0131m\u0131z Bilge ve arkada\u015flar\u0131 tarihte yolculu\u011fa devam ediyorlar. Ayasofya ve Topkap\u0131 Saray\u0131\u2019n\u0131n ard\u0131ndandan bu kez Yerebatan Sarn\u0131c\u0131 onlara s\u0131rlarla dolu bir maceran\u0131n kap\u0131lar\u0131n\u0131 a\u00e7\u0131yor. Bu soluk kesici ser\u00fcvene sen de kat\u0131lmak istiyorsan kitab\u0131n kapa\u011f\u0131n\u0131 hafif\u00e7e aralaman yeterli!<\/p>\n","protected":false},"excerpt":{"rendered":"<p>Sevilen kahramanlar\u0131m\u0131z Bilge ve arkada\u015flar\u0131 tarihte yolculu\u011fa devam ediyorlar. Ayasofya&hellip;<\/p>\n<p> <a class=\"more-link\" href=\"https:\/\/edam.com.tr\/en\/product\/sarnicin-esrari\/\">Read more<\/a><\/p>\n","protected":false},"featured_media":14432,"comment_status":"open","ping_status":"closed","template":"","meta":{"_acf_changed":false},"product_brand":[],"product_cat":[427,437,495],"product_tag":[692,693],"class_list":{"0":"post-14702","1":"product","2":"type-product","3":"status-publish","4":"has-post-thumbnail","6":"product_cat-childrens","7":"product_cat-fiction","8":"product_cat-the-istanbul-club-series","9":"product_tag-istanbul-en","10":"product_tag-yerebatan-sarnici-en","11":"pa_katki-saglayan-hatice-isilak-durmus-en","12":"pa_katki-saglayan-ogan-kandemiroglu-en","13":"pa_katki-saglayan-yasemin-kahriman-en","14":"pa_yas-gruplari-9-14-en","16":"first","17":"instock","18":"taxable","19":"shipping-taxable","20":"purchasable","21":"product-type-simple"},"acf":[],"_links":{"self":[{"href":"https:\/\/edam.com.tr\/en\/wp-json\/wp\/v2\/product\/14702","targetHints":{"allow":["GET"]}}],"collection":[{"href":"https:\/\/edam.com.tr\/en\/wp-json\/wp\/v2\/product"}],"about":[{"href":"https:\/\/edam.com.tr\/en\/wp-json\/wp\/v2\/types\/product"}],"replies":[{"embeddable":true,"href":"https:\/\/edam.com.tr\/en\/wp-json\/wp\/v2\/comments?post=14702"}],"wp:featuredmedia":[{"embeddable":true,"href":"https:\/\/edam.com.tr\/en\/wp-json\/wp\/v2\/media\/14432"}],"wp:attachment":[{"href":"https:\/\/edam.com.tr\/en\/wp-json\/wp\/v2\/media?parent=14702"}],"wp:term":[{"taxonomy":"product_brand","embeddable":true,"href":"https:\/\/edam.com.tr\/en\/wp-json\/wp\/v2\/product_brand?post=14702"},{"taxonomy":"product_cat","embeddable":true,"href":"https:\/\/edam.com.tr\/en\/wp-json\/wp\/v2\/product_cat?post=14702"},{"taxonomy":"product_tag","embeddable":true,"href":"https:\/\/edam.com.tr\/en\/wp-json\/wp\/v2\/product_tag?post=14702"}],"curies":[{"name":"wp","href":"https:\/\/api.w.org\/{rel}","templated":true}]}}