{"id":14701,"date":"2024-03-20T18:19:22","date_gmt":"2024-03-20T15:19:22","guid":{"rendered":"https:\/\/edam.com.tr\/urun\/cocugum-icin-ne-yapabilirim-karakter-egitimi\/"},"modified":"2026-01-02T00:16:35","modified_gmt":"2026-01-01T21:16:35","slug":"cocugum-icin-ne-yapabilirim-karakter-egitimi","status":"publish","type":"product","link":"https:\/\/edam.com.tr\/en\/product\/cocugum-icin-ne-yapabilirim-karakter-egitimi\/","title":{"rendered":"\u00c7ocu\u011fum \u0130\u00e7in Ne Yapabilirim? Karakter E\u011fitimi"},"content":{"rendered":"<p>\u00c7ocu\u011fum \u0130\u00e7in Ne Yapabilirim? serisi anne babalara sa\u011fl\u0131kl\u0131 \u00e7ocuk yeti\u015ftirme konusunda rehberlik etmek \u00fczere haz\u0131rlanmakta olan bir seridir. Serinin ilk kitab\u0131 karakter e\u011fitimi konusunda&#8230;<\/p>\n<p>Kitap, \u00e7ocuklar\u0131n\u0131 temel insani de\u011ferlerle bulu\u015fturmak isteyen aileler i\u00e7in haz\u0131rlanm\u0131\u015f bir k\u0131lavuzdur. Bu k\u0131lavuz, ailelere, \u00e7ocuklar\u0131yla ge\u00e7irecekleri vakitleri karakter geli\u015fimi amac\u0131na y\u00f6nelik ve e\u011flenceli h\u00e2le getirecekleri malzemeler sunmaktad\u0131r. \u00c7ocuklarda, sorumluluklar\u0131n\u0131 ta\u015f\u0131yabilecekleri makul se\u00e7imler yapabilmelerine imk\u00e2n sa\u011flayacak bilgi, beceri ve yetenekleri geli\u015ftirmeyi hedeflemekte, okullar\u0131m\u0131zda uygulanan de\u011ferler e\u011fitimi \u00e7al\u0131\u015fmalar\u0131n\u0131n evlerde desteklenmesine yard\u0131mc\u0131 olmaktad\u0131r. \u00d6neriler pratik, sade, farkl\u0131 ilgi t\u00fcrlerine ve \u00f6\u011frenme tarzlar\u0131na hitap eder tarzda d\u00fczenlenmi\u015ftir.<\/p>\n","protected":false},"excerpt":{"rendered":"<p>\u00c7ocu\u011fum \u0130\u00e7in Ne Yapabilirim? serisi anne babalara sa\u011fl\u0131kl\u0131 \u00e7ocuk yeti\u015ftirme&hellip;<\/p>\n<p> <a class=\"more-link\" href=\"https:\/\/edam.com.tr\/en\/product\/cocugum-icin-ne-yapabilirim-karakter-egitimi\/\">Read more<\/a><\/p>\n","protected":false},"featured_media":14446,"comment_status":"open","ping_status":"closed","template":"","meta":{"_acf_changed":false},"product_brand":[],"product_cat":[460,430,475],"product_tag":[690,691],"class_list":{"0":"post-14701","1":"product","2":"type-product","3":"status-publish","4":"has-post-thumbnail","6":"product_cat-educational-sciences","7":"product_cat-nonfiction","8":"product_cat-values-education-educational-sciences","9":"product_tag-karakter-egitimi-en","10":"product_tag-karakter-okulu-en","11":"pa_katki-saglayan-alpaslan-durmus-en","12":"pa_katki-saglayan-halil-eksi-en","13":"pa_katki-saglayan-hatice-isilak-durmus-en","14":"pa_katki-saglayan-mustafa-otrar-en","15":"pa_katki-saglayan-neriman-karatekin-en","16":"pa_katki-saglayan-pinar-koc-yildirim-en","17":"pa_yas-gruplari-general-audience","19":"first","20":"instock","21":"taxable","22":"shipping-taxable","23":"purchasable","24":"product-type-simple"},"acf":[],"_links":{"self":[{"href":"https:\/\/edam.com.tr\/en\/wp-json\/wp\/v2\/product\/14701","targetHints":{"allow":["GET"]}}],"collection":[{"href":"https:\/\/edam.com.tr\/en\/wp-json\/wp\/v2\/product"}],"about":[{"href":"https:\/\/edam.com.tr\/en\/wp-json\/wp\/v2\/types\/product"}],"replies":[{"embeddable":true,"href":"https:\/\/edam.com.tr\/en\/wp-json\/wp\/v2\/comments?post=14701"}],"wp:featuredmedia":[{"embeddable":true,"href":"https:\/\/edam.com.tr\/en\/wp-json\/wp\/v2\/media\/14446"}],"wp:attachment":[{"href":"https:\/\/edam.com.tr\/en\/wp-json\/wp\/v2\/media?parent=14701"}],"wp:term":[{"taxonomy":"product_brand","embeddable":true,"href":"https:\/\/edam.com.tr\/en\/wp-json\/wp\/v2\/product_brand?post=14701"},{"taxonomy":"product_cat","embeddable":true,"href":"https:\/\/edam.com.tr\/en\/wp-json\/wp\/v2\/product_cat?post=14701"},{"taxonomy":"product_tag","embeddable":true,"href":"https:\/\/edam.com.tr\/en\/wp-json\/wp\/v2\/product_tag?post=14701"}],"curies":[{"name":"wp","href":"https:\/\/api.w.org\/{rel}","templated":true}]}}