{"id":14700,"date":"2024-03-20T18:19:22","date_gmt":"2024-03-20T15:19:22","guid":{"rendered":"https:\/\/edam.com.tr\/urun\/nitel-desenler-eylem-arastirmasi\/"},"modified":"2026-01-02T00:16:35","modified_gmt":"2026-01-01T21:16:35","slug":"nitel-desenler-eylem-arastirmasi","status":"publish","type":"product","link":"https:\/\/edam.com.tr\/en\/product\/nitel-desenler-eylem-arastirmasi\/","title":{"rendered":"Nitel Desenler: Eylem Ara\u015ft\u0131rmas\u0131"},"content":{"rendered":"<p>Eylem ara\u015ft\u0131rmas\u0131, insanlar\u0131n g\u00fcnl\u00fck ya\u015famlar\u0131nda kar\u015f\u0131la\u015ft\u0131klar\u0131 belirli sorunlara etkili \u00e7\u00f6z\u00fcmler bulunmas\u0131n\u0131 sa\u011flayan sistematik bir yakla\u015f\u0131md\u0131r. T\u00fcm ba\u011flamlara uygulanabilecek genellenebilir a\u00e7\u0131klamalar\u0131 ara\u015ft\u0131ran geleneksel deneysel\/ bilimsel ara\u015ft\u0131rmalar\u0131n aksine eylem ara\u015ft\u0131rmas\u0131 belirli durumlara ve yerelle\u015ftirilmi\u015f \u00e7\u00f6z\u00fcmlere odaklanmaktad\u0131r. Eylem ara\u015ft\u0131rmas\u0131, e\u011fitim, sa\u011fl\u0131k, sanayi, yerel y\u00f6netim, kurumsal de\u011fi\u015fim gibi \u00e7e\u015fitli alanlarda uygulamay\u0131 geli\u015ftirmek ve iyile\u015ftirmek, yerel sorunlara yerel \u00e7\u00f6z\u00fcmler sunmak, ara\u015ft\u0131rma s\u00fcreci ile birlikte kat\u0131l\u0131mc\u0131lar\u0131 g\u00fc\u00e7lendirmek gibi temel ama\u00e7lar\u0131 d\u00fc\u015f\u00fcn\u00fcld\u00fc\u011f\u00fcnde di\u011fer nicel ve nitel ara\u015ft\u0131rmalardan farkl\u0131la\u015fmaktad\u0131r. Eylem ara\u015ft\u0131rmas\u0131n\u0131n hedefledi\u011fi de\u011fi\u015fim ve geli\u015fim, ara\u015ft\u0131rma s\u00fcreci i\u00e7erisinde ger\u00e7ekle\u015fmektedir. Bu kitab\u0131n temel amac\u0131 ise sadece betimlemeyi ve anlamay\u0131 de\u011fil ayn\u0131 zamanda de\u011fi\u015fimi ve geli\u015fimi de hedefleyen eylem ara\u015ft\u0131rmas\u0131 hakk\u0131nda a\u00e7\u0131klay\u0131c\u0131 ve ayr\u0131nt\u0131l\u0131 bilgiler sunmakt\u0131r. Kitab\u0131n i\u00e7eri\u011finde eylem ara\u015ft\u0131rmas\u0131n\u0131n felsefi ve kuramsal perspektifi, tarihsel geli\u015fimi, farkl\u0131 eylem ara\u015ft\u0131rmas\u0131 t\u00fcrleri ve temel \u00f6zellikleri, eylem ara\u015ft\u0131rmas\u0131 y\u00fcr\u00fctmede izlenecek ad\u0131mlar ve uygulama \u00f6rnekleri gibi temel konulara ayr\u0131nt\u0131l\u0131 bir \u015fekilde yer verilmi\u015ftir.<\/p>\n","protected":false},"excerpt":{"rendered":"<p>Eylem ara\u015ft\u0131rmas\u0131, insanlar\u0131n g\u00fcnl\u00fck ya\u015famlar\u0131nda kar\u015f\u0131la\u015ft\u0131klar\u0131 belirli sorunlara etkili \u00e7\u00f6z\u00fcmler&hellip;<\/p>\n<p> <a class=\"more-link\" href=\"https:\/\/edam.com.tr\/en\/product\/nitel-desenler-eylem-arastirmasi\/\">Read more<\/a><\/p>\n","protected":false},"featured_media":14460,"comment_status":"open","ping_status":"closed","template":"","meta":{"_acf_changed":false},"product_brand":[],"product_cat":[460,497,430,498],"product_tag":[],"class_list":{"0":"post-14700","1":"product","2":"type-product","3":"status-publish","4":"has-post-thumbnail","6":"product_cat-educational-sciences","7":"product_cat-method","8":"product_cat-nonfiction","9":"product_cat-research-series","10":"pa_katki-saglayan-erdem-sevim-en","11":"pa_katki-saglayan-halil-eksi-en","12":"pa_yas-gruplari-general-audience","14":"first","15":"instock","16":"taxable","17":"shipping-taxable","18":"purchasable","19":"product-type-simple"},"acf":[],"_links":{"self":[{"href":"https:\/\/edam.com.tr\/en\/wp-json\/wp\/v2\/product\/14700","targetHints":{"allow":["GET"]}}],"collection":[{"href":"https:\/\/edam.com.tr\/en\/wp-json\/wp\/v2\/product"}],"about":[{"href":"https:\/\/edam.com.tr\/en\/wp-json\/wp\/v2\/types\/product"}],"replies":[{"embeddable":true,"href":"https:\/\/edam.com.tr\/en\/wp-json\/wp\/v2\/comments?post=14700"}],"wp:featuredmedia":[{"embeddable":true,"href":"https:\/\/edam.com.tr\/en\/wp-json\/wp\/v2\/media\/14460"}],"wp:attachment":[{"href":"https:\/\/edam.com.tr\/en\/wp-json\/wp\/v2\/media?parent=14700"}],"wp:term":[{"taxonomy":"product_brand","embeddable":true,"href":"https:\/\/edam.com.tr\/en\/wp-json\/wp\/v2\/product_brand?post=14700"},{"taxonomy":"product_cat","embeddable":true,"href":"https:\/\/edam.com.tr\/en\/wp-json\/wp\/v2\/product_cat?post=14700"},{"taxonomy":"product_tag","embeddable":true,"href":"https:\/\/edam.com.tr\/en\/wp-json\/wp\/v2\/product_tag?post=14700"}],"curies":[{"name":"wp","href":"https:\/\/api.w.org\/{rel}","templated":true}]}}