{"id":14699,"date":"2024-03-20T18:19:23","date_gmt":"2024-03-20T15:19:23","guid":{"rendered":"https:\/\/edam.com.tr\/urun\/rengini-arayan-bulut\/"},"modified":"2026-01-02T00:16:35","modified_gmt":"2026-01-01T21:16:35","slug":"rengini-arayan-bulut","status":"publish","type":"product","link":"https:\/\/edam.com.tr\/en\/product\/rengini-arayan-bulut\/","title":{"rendered":"Rengini Arayan Bulut"},"content":{"rendered":"<p>K\u00fc\u00e7\u00fck bulut o g\u00fcn pek iyi g\u00f6r\u00fcnm\u00fcyordu. Kararm\u0131\u015f ve solgundu. Bir an \u00f6nce eski rengine kavu\u015fmak istiyordu. \u0130yi de nereden bulacakt\u0131 rengini?<\/p>\n<p>Kimden yard\u0131m isteyecekti?<\/p>\n","protected":false},"excerpt":{"rendered":"<p>K\u00fc\u00e7\u00fck bulut o g\u00fcn pek iyi g\u00f6r\u00fcnm\u00fcyordu. Kararm\u0131\u015f ve solgundu.&hellip;<\/p>\n<p> <a class=\"more-link\" href=\"https:\/\/edam.com.tr\/en\/product\/rengini-arayan-bulut\/\">Read more<\/a><\/p>\n","protected":false},"featured_media":14474,"comment_status":"open","ping_status":"closed","template":"","meta":{"_acf_changed":false},"product_brand":[],"product_cat":[427,437],"product_tag":[],"class_list":{"0":"post-14699","1":"product","2":"type-product","3":"status-publish","4":"has-post-thumbnail","6":"product_cat-childrens","7":"product_cat-fiction","8":"pa_katki-saglayan-hilal-dincer-en","9":"pa_katki-saglayan-turan-dertli-en","10":"pa_yas-gruplari-8-13-en","12":"first","13":"instock","14":"taxable","15":"shipping-taxable","16":"purchasable","17":"product-type-simple"},"acf":[],"_links":{"self":[{"href":"https:\/\/edam.com.tr\/en\/wp-json\/wp\/v2\/product\/14699","targetHints":{"allow":["GET"]}}],"collection":[{"href":"https:\/\/edam.com.tr\/en\/wp-json\/wp\/v2\/product"}],"about":[{"href":"https:\/\/edam.com.tr\/en\/wp-json\/wp\/v2\/types\/product"}],"replies":[{"embeddable":true,"href":"https:\/\/edam.com.tr\/en\/wp-json\/wp\/v2\/comments?post=14699"}],"wp:featuredmedia":[{"embeddable":true,"href":"https:\/\/edam.com.tr\/en\/wp-json\/wp\/v2\/media\/14474"}],"wp:attachment":[{"href":"https:\/\/edam.com.tr\/en\/wp-json\/wp\/v2\/media?parent=14699"}],"wp:term":[{"taxonomy":"product_brand","embeddable":true,"href":"https:\/\/edam.com.tr\/en\/wp-json\/wp\/v2\/product_brand?post=14699"},{"taxonomy":"product_cat","embeddable":true,"href":"https:\/\/edam.com.tr\/en\/wp-json\/wp\/v2\/product_cat?post=14699"},{"taxonomy":"product_tag","embeddable":true,"href":"https:\/\/edam.com.tr\/en\/wp-json\/wp\/v2\/product_tag?post=14699"}],"curies":[{"name":"wp","href":"https:\/\/api.w.org\/{rel}","templated":true}]}}