{"id":14698,"date":"2024-03-20T18:19:24","date_gmt":"2024-03-20T15:19:24","guid":{"rendered":"https:\/\/edam.com.tr\/urun\/fransuat-2\/"},"modified":"2026-01-02T00:16:35","modified_gmt":"2026-01-01T21:16:35","slug":"fransuat","status":"publish","type":"product","link":"https:\/\/edam.com.tr\/en\/product\/fransuat\/","title":{"rendered":"FranSua&#8217;t"},"content":{"rendered":"<p>Kimseyle payla\u015f\u0131lamayacak bir deneyimin ard\u0131ndan ki\u015finin i\u00e7inde bulundu\u011fu d\u00fcnyay\u0131 sorgulamas\u0131, ge\u00e7mi\u015fsiz ve gelece\u011fi \u015f\u00fcpheli bir ya\u015fam i\u00e7erisinde \u015fimdinin tad\u0131n\u0131n \u00e7\u0131kar\u0131l\u0131p \u00e7\u0131kar\u0131lamayaca\u011f\u0131 sorusu, en k\u0131ymet verilen i\u00e7in kendi mahv\u0131n\u0131 g\u00f6ze al\u0131p d\u00fcnyaya kafa tutma \u00e7\u0131lg\u0131nl\u0131\u011f\u0131 ve sonras\u0131\u2026 FranSua\u2019t her \u015feyinin de\u011fi\u015fti\u011fi ikircikli benli\u011fiyle distopik \u2013kim bilir, belki de \u00fctopik\u2013 bir macera ya\u015f\u0131yor.<\/p>\n<p>Kimilerinin korkun\u00e7, kimilerininse keyifli bulaca\u011f\u0131 bir d\u00fcnyan\u0131n kimse taraf\u0131ndan \u00f6nemsenmeyen ba\u015fkahraman\u0131yla yazar, i\u00e7inde var oldu\u011fumuz d\u00fcnyay\u0131 sorgulamaya davet ediyor okuru. Peki siz ne dersiniz, Ouroboros\u2019un insan\u0131n \u00f6z\u00fcn\u00fc belirleyen d\u00f6ng\u00fcs\u00fcnden kurtulmak ger\u00e7ekten m\u00fcmk\u00fcn m\u00fc?<\/p>\n","protected":false},"excerpt":{"rendered":"<p>Kimseyle payla\u015f\u0131lamayacak bir deneyimin ard\u0131ndan ki\u015finin i\u00e7inde bulundu\u011fu d\u00fcnyay\u0131 sorgulamas\u0131,&hellip;<\/p>\n<p> <a class=\"more-link\" href=\"https:\/\/edam.com.tr\/en\/product\/fransuat\/\">Read more<\/a><\/p>\n","protected":false},"featured_media":14486,"comment_status":"open","ping_status":"closed","template":"","meta":{"_acf_changed":false},"product_brand":[],"product_cat":[439,504],"product_tag":[],"class_list":{"0":"post-14698","1":"product","2":"type-product","3":"status-publish","4":"has-post-thumbnail","6":"product_cat-literature","7":"product_cat-novella-literature","8":"pa_katki-saglayan-hatice-isilak-durmus-en","9":"pa_katki-saglayan-m-sevra-durmus-en","10":"pa_yas-gruplari-general-audience","12":"first","13":"instock","14":"taxable","15":"shipping-taxable","16":"purchasable","17":"product-type-simple"},"acf":[],"_links":{"self":[{"href":"https:\/\/edam.com.tr\/en\/wp-json\/wp\/v2\/product\/14698","targetHints":{"allow":["GET"]}}],"collection":[{"href":"https:\/\/edam.com.tr\/en\/wp-json\/wp\/v2\/product"}],"about":[{"href":"https:\/\/edam.com.tr\/en\/wp-json\/wp\/v2\/types\/product"}],"replies":[{"embeddable":true,"href":"https:\/\/edam.com.tr\/en\/wp-json\/wp\/v2\/comments?post=14698"}],"wp:featuredmedia":[{"embeddable":true,"href":"https:\/\/edam.com.tr\/en\/wp-json\/wp\/v2\/media\/14486"}],"wp:attachment":[{"href":"https:\/\/edam.com.tr\/en\/wp-json\/wp\/v2\/media?parent=14698"}],"wp:term":[{"taxonomy":"product_brand","embeddable":true,"href":"https:\/\/edam.com.tr\/en\/wp-json\/wp\/v2\/product_brand?post=14698"},{"taxonomy":"product_cat","embeddable":true,"href":"https:\/\/edam.com.tr\/en\/wp-json\/wp\/v2\/product_cat?post=14698"},{"taxonomy":"product_tag","embeddable":true,"href":"https:\/\/edam.com.tr\/en\/wp-json\/wp\/v2\/product_tag?post=14698"}],"curies":[{"name":"wp","href":"https:\/\/api.w.org\/{rel}","templated":true}]}}