{"id":14697,"date":"2024-03-20T18:19:24","date_gmt":"2024-03-20T15:19:24","guid":{"rendered":"https:\/\/edam.com.tr\/urun\/40-hadis-40-cizgi-sticker\/"},"modified":"2026-01-02T00:16:34","modified_gmt":"2026-01-01T21:16:34","slug":"40-hadis-40-cizgi-sticker","status":"publish","type":"product","link":"https:\/\/edam.com.tr\/en\/product\/40-hadis-40-cizgi-sticker\/","title":{"rendered":"40 Hadis 40 \u00c7izgi Sticker"},"content":{"rendered":"<p class=\"western\" lang=\"fr-FR\"><span style=\"color: #333333;\"><span lang=\"tr-TR\">Hasan Ayc\u0131n&#8217;\u0131n <a href=\"https:\/\/edam.com.tr\/urun-yayin\/40-hadis-40-cizgi\/\">40 Hadis 40 \u00c7izgi<\/a> kitab\u0131nda yer alan \u00e7izimleri<\/span><\/span><span style=\"color: #333333;\"><span style=\"font-size: medium;\"><span lang=\"tr-TR\">nden olu\u015fan<\/span><\/span><\/span><span style=\"color: #333333;\"><span lang=\"tr-TR\"> 40 adet <\/span><\/span><span style=\"color: #333333;\"><span style=\"font-size: medium;\"><span lang=\"tr-TR\">sticker<\/span><\/span><\/span><span style=\"color: #333333;\"><span lang=\"tr-TR\">.<\/span><\/span><\/p>\n","protected":false},"excerpt":{"rendered":"<p>Hasan Ayc\u0131n&#8217;\u0131n 40 Hadis 40 \u00c7izgi kitab\u0131nda yer alan \u00e7izimlerinden&hellip;<\/p>\n<p> <a class=\"more-link\" href=\"https:\/\/edam.com.tr\/en\/product\/40-hadis-40-cizgi-sticker\/\">Read more<\/a><\/p>\n","protected":false},"featured_media":14500,"comment_status":"open","ping_status":"closed","template":"","meta":{"_acf_changed":false},"product_brand":[],"product_cat":[443],"product_tag":[],"class_list":{"0":"post-14697","1":"product","2":"type-product","3":"status-publish","4":"has-post-thumbnail","6":"product_cat-stationary","7":"pa_katki-saglayan-hasan-aycin-en","8":"pa_yas-gruplari-general-audience","10":"first","11":"instock","12":"taxable","13":"shipping-taxable","14":"purchasable","15":"product-type-simple"},"acf":[],"_links":{"self":[{"href":"https:\/\/edam.com.tr\/en\/wp-json\/wp\/v2\/product\/14697","targetHints":{"allow":["GET"]}}],"collection":[{"href":"https:\/\/edam.com.tr\/en\/wp-json\/wp\/v2\/product"}],"about":[{"href":"https:\/\/edam.com.tr\/en\/wp-json\/wp\/v2\/types\/product"}],"replies":[{"embeddable":true,"href":"https:\/\/edam.com.tr\/en\/wp-json\/wp\/v2\/comments?post=14697"}],"wp:featuredmedia":[{"embeddable":true,"href":"https:\/\/edam.com.tr\/en\/wp-json\/wp\/v2\/media\/14500"}],"wp:attachment":[{"href":"https:\/\/edam.com.tr\/en\/wp-json\/wp\/v2\/media?parent=14697"}],"wp:term":[{"taxonomy":"product_brand","embeddable":true,"href":"https:\/\/edam.com.tr\/en\/wp-json\/wp\/v2\/product_brand?post=14697"},{"taxonomy":"product_cat","embeddable":true,"href":"https:\/\/edam.com.tr\/en\/wp-json\/wp\/v2\/product_cat?post=14697"},{"taxonomy":"product_tag","embeddable":true,"href":"https:\/\/edam.com.tr\/en\/wp-json\/wp\/v2\/product_tag?post=14697"}],"curies":[{"name":"wp","href":"https:\/\/api.w.org\/{rel}","templated":true}]}}