{"id":14687,"date":"2024-03-20T18:19:25","date_gmt":"2024-03-20T15:19:25","guid":{"rendered":"https:\/\/edam.com.tr\/urun\/rahmet-peygamberim\/"},"modified":"2026-02-10T17:14:56","modified_gmt":"2026-02-10T14:14:56","slug":"rahmet-peygamberim","status":"publish","type":"product","link":"https:\/\/edam.com.tr\/en\/product\/rahmet-peygamberim\/","title":{"rendered":"Rahmet Peygamberim"},"content":{"rendered":"<p>\u00c2lemlere rahmet olarak g\u00f6nderilen son peygamber Hz. Muhammed (sav)\u2019in hayat\u0131n\u0131 anlatan bu kitap, bir manzum \u00f6yk\u00fc \u00f6zelli\u011fi ta\u015f\u0131yor. Hz. Muhammed\u2019in ya\u015fad\u0131\u011f\u0131 d\u00f6nemin ve co\u011frafyan\u0131n \u00f6zelliklerini tasvir ederken \u00f6nemli olaylara kronolojik olarak dikkat \u00e7eken eser, son el\u00e7inin \u015fahsiyetini ve \u00fcst\u00fcn ahlaki \u00f6zelliklerini \u015fiirsel bir dille anlat\u0131yor. \u00d6\u011fretici olmas\u0131n\u0131n yan\u0131nda dil zevki bar\u0131nd\u0131ran ve g\u00fc\u00e7l\u00fc \u00e7izimlerle desteklenen eser, Peygamberin hayat\u0131n\u0131, salt bilgi olmaktan \u00e7\u0131kar\u0131p sanatla ili\u015fkilendirerek okurun hislerine dokunuyor.<\/p>\n","protected":false},"excerpt":{"rendered":"<p>\u00c2lemlere rahmet olarak g\u00f6nderilen son peygamber Hz. Muhammed (sav)\u2019in hayat\u0131n\u0131&hellip;<\/p>\n<p> <a class=\"more-link\" href=\"https:\/\/edam.com.tr\/en\/product\/rahmet-peygamberim\/\">Read more<\/a><\/p>\n","protected":false},"featured_media":14516,"comment_status":"open","ping_status":"closed","template":"","meta":{"_acf_changed":false},"product_brand":[],"product_cat":[433,434],"product_tag":[],"class_list":{"0":"post-14687","1":"product","2":"type-product","3":"status-publish","4":"has-post-thumbnail","6":"product_cat-childrens-religious-books","7":"product_cat-reference-childrens-religious-books","8":"pa_katki-saglayan-meryem-nuriye-yavuz-en","9":"pa_katki-saglayan-ogan-kandemiroglu-en","10":"pa_yas-gruplari-9-14-en","12":"first","13":"onbackorder","14":"taxable","15":"shipping-taxable","16":"purchasable","17":"product-type-simple"},"acf":[],"_links":{"self":[{"href":"https:\/\/edam.com.tr\/en\/wp-json\/wp\/v2\/product\/14687","targetHints":{"allow":["GET"]}}],"collection":[{"href":"https:\/\/edam.com.tr\/en\/wp-json\/wp\/v2\/product"}],"about":[{"href":"https:\/\/edam.com.tr\/en\/wp-json\/wp\/v2\/types\/product"}],"replies":[{"embeddable":true,"href":"https:\/\/edam.com.tr\/en\/wp-json\/wp\/v2\/comments?post=14687"}],"wp:featuredmedia":[{"embeddable":true,"href":"https:\/\/edam.com.tr\/en\/wp-json\/wp\/v2\/media\/14516"}],"wp:attachment":[{"href":"https:\/\/edam.com.tr\/en\/wp-json\/wp\/v2\/media?parent=14687"}],"wp:term":[{"taxonomy":"product_brand","embeddable":true,"href":"https:\/\/edam.com.tr\/en\/wp-json\/wp\/v2\/product_brand?post=14687"},{"taxonomy":"product_cat","embeddable":true,"href":"https:\/\/edam.com.tr\/en\/wp-json\/wp\/v2\/product_cat?post=14687"},{"taxonomy":"product_tag","embeddable":true,"href":"https:\/\/edam.com.tr\/en\/wp-json\/wp\/v2\/product_tag?post=14687"}],"curies":[{"name":"wp","href":"https:\/\/api.w.org\/{rel}","templated":true}]}}