{"id":14686,"date":"2024-03-20T18:19:25","date_gmt":"2024-03-20T15:19:25","guid":{"rendered":"https:\/\/edam.com.tr\/urun\/batuta-ile-seylerin-tarihine-yolculuk\/"},"modified":"2026-01-02T00:16:34","modified_gmt":"2026-01-01T21:16:34","slug":"batuta-ile-seylerin-tarihine-yolculuk","status":"publish","type":"product","link":"https:\/\/edam.com.tr\/en\/product\/batuta-ile-seylerin-tarihine-yolculuk\/","title":{"rendered":"Batuta ile \u015eeylerin Tarihine Yolculuk"},"content":{"rendered":"<p>Kahraman\u0131m\u0131z Batuta, bu\u0308yu\u0308k bu\u0308yu\u0308k bu\u0308yu\u0308k dedesi \u0130bn Batuta gibi bir gezgindir ve yolculuklar\u0131nda s\u0131ra d\u0131\u015f\u0131 bir ara\u00e7 kullanmaktad\u0131r: u\u00e7an bir kaykay! Batuta, aile yadig\u00e2r\u0131 bu kaykayla u\u00e7arak h\u0131zla istedi\u011fi yere gidebildi\u011fi gibi zamanda da yolculuk yapabilmektedir.<\/p>\n<p>Zamanda ve mek\u00e2nda yolculuk edebilmek \u015f\u00fcphesiz \u00e7ok e\u011flenceli ve bir o kadar da \u00f6\u011fretici\u2026 Batuta bu f\u0131rsat\u0131 iyi de\u011ferlendiriyor, gitti\u011fi yerlerde ve farkl\u0131 zamanlarda g\u00f6rd\u00fcklerini not edip sizlerle payla\u015f\u0131yor. Bu kitapta g\u00fcnl\u00fck hayatta kulland\u0131\u011f\u0131m\u0131z veya kar\u015f\u0131la\u015ft\u0131\u011f\u0131m\u0131z \u00e7e\u015fitli \u201c\u015fey\u201dlerin tarihi hakk\u0131nda bilgiler veriyor, her birinin bug\u00fcne nas\u0131l geldiklerini anlat\u0131yor. Batuta gibi siz de her \u201c\u015fey\u201din asl\u0131n\u0131 esas\u0131n\u0131, \u00f6ncesini sonras\u0131n\u0131 merak ediyorsan\u0131z atlay\u0131n kaykaya! Keyifli okumalar, iyi yolculuklar\u2026<\/p>\n","protected":false},"excerpt":{"rendered":"<p>Kahraman\u0131m\u0131z Batuta, bu\u0308yu\u0308k bu\u0308yu\u0308k bu\u0308yu\u0308k dedesi \u0130bn Batuta gibi bir&hellip;<\/p>\n<p> <a class=\"more-link\" href=\"https:\/\/edam.com.tr\/en\/product\/batuta-ile-seylerin-tarihine-yolculuk\/\">Read more<\/a><\/p>\n","protected":false},"featured_media":14526,"comment_status":"open","ping_status":"closed","template":"","meta":{"_acf_changed":false},"product_brand":[],"product_cat":[427,437],"product_tag":[],"class_list":{"0":"post-14686","1":"product","2":"type-product","3":"status-publish","4":"has-post-thumbnail","6":"product_cat-childrens","7":"product_cat-fiction","8":"pa_katki-saglayan-fulya-ibanoglu-en","9":"pa_katki-saglayan-hatice-isilak-durmus-en","10":"pa_katki-saglayan-humeyra-kilic-en","11":"pa_katki-saglayan-turan-dertli-en","12":"pa_katki-saglayan-yahya-alakay-en","13":"pa_yas-gruplari-9-14-en","15":"first","16":"instock","17":"featured","18":"taxable","19":"shipping-taxable","20":"purchasable","21":"product-type-simple"},"acf":[],"_links":{"self":[{"href":"https:\/\/edam.com.tr\/en\/wp-json\/wp\/v2\/product\/14686","targetHints":{"allow":["GET"]}}],"collection":[{"href":"https:\/\/edam.com.tr\/en\/wp-json\/wp\/v2\/product"}],"about":[{"href":"https:\/\/edam.com.tr\/en\/wp-json\/wp\/v2\/types\/product"}],"replies":[{"embeddable":true,"href":"https:\/\/edam.com.tr\/en\/wp-json\/wp\/v2\/comments?post=14686"}],"wp:featuredmedia":[{"embeddable":true,"href":"https:\/\/edam.com.tr\/en\/wp-json\/wp\/v2\/media\/14526"}],"wp:attachment":[{"href":"https:\/\/edam.com.tr\/en\/wp-json\/wp\/v2\/media?parent=14686"}],"wp:term":[{"taxonomy":"product_brand","embeddable":true,"href":"https:\/\/edam.com.tr\/en\/wp-json\/wp\/v2\/product_brand?post=14686"},{"taxonomy":"product_cat","embeddable":true,"href":"https:\/\/edam.com.tr\/en\/wp-json\/wp\/v2\/product_cat?post=14686"},{"taxonomy":"product_tag","embeddable":true,"href":"https:\/\/edam.com.tr\/en\/wp-json\/wp\/v2\/product_tag?post=14686"}],"curies":[{"name":"wp","href":"https:\/\/api.w.org\/{rel}","templated":true}]}}