{"id":14685,"date":"2024-03-20T18:19:26","date_gmt":"2024-03-20T15:19:26","guid":{"rendered":"https:\/\/edam.com.tr\/urun\/zehranin-gunlugu-inancim-ibadetlerim\/"},"modified":"2026-01-02T00:16:34","modified_gmt":"2026-01-01T21:16:34","slug":"zehranin-gunlugu-inancim-ibadetlerim","status":"publish","type":"product","link":"https:\/\/edam.com.tr\/en\/product\/zehranin-gunlugu-inancim-ibadetlerim\/","title":{"rendered":"Zehra\u2019n\u0131n G\u00fcnl\u00fc\u011f\u00fc &#8211; \u0130nanc\u0131m, \u0130badetlerim"},"content":{"rendered":"<p>Zehra ile \u0130slami konular\u0131n inceliklerini \u00f6\u011frenirken, sevimli maceralar\u0131 ve s\u0131cac\u0131k aile ortam\u0131yla tatlanan bu minik \u00f6yk\u00fcleri \u00e7ocuklar \u00e7ok sevecek.<\/p>\n","protected":false},"excerpt":{"rendered":"<p>Zehra ile \u0130slami konular\u0131n inceliklerini \u00f6\u011frenirken, sevimli maceralar\u0131 ve s\u0131cac\u0131k&hellip;<\/p>\n<p> <a class=\"more-link\" href=\"https:\/\/edam.com.tr\/en\/product\/zehranin-gunlugu-inancim-ibadetlerim\/\">Read more<\/a><\/p>\n","protected":false},"featured_media":14542,"comment_status":"open","ping_status":"closed","template":"","meta":{"_acf_changed":false},"product_brand":[],"product_cat":[433,447],"product_tag":[],"class_list":{"0":"post-14685","1":"product","2":"type-product","3":"status-publish","4":"has-post-thumbnail","6":"product_cat-childrens-religious-books","7":"product_cat-fiction-childrens-religious-books","8":"pa_katki-saglayan-ahmet-mercan-en","9":"pa_katki-saglayan-hatice-isilak-durmus-en","10":"pa_katki-saglayan-neriman-karatekin-en","11":"pa_katki-saglayan-turan-dertli-en","12":"pa_katki-saglayan-yahya-alakay-en","13":"pa_yas-gruplari-9-14-en","15":"first","16":"instock","17":"taxable","18":"shipping-taxable","19":"purchasable","20":"product-type-simple"},"acf":[],"_links":{"self":[{"href":"https:\/\/edam.com.tr\/en\/wp-json\/wp\/v2\/product\/14685","targetHints":{"allow":["GET"]}}],"collection":[{"href":"https:\/\/edam.com.tr\/en\/wp-json\/wp\/v2\/product"}],"about":[{"href":"https:\/\/edam.com.tr\/en\/wp-json\/wp\/v2\/types\/product"}],"replies":[{"embeddable":true,"href":"https:\/\/edam.com.tr\/en\/wp-json\/wp\/v2\/comments?post=14685"}],"wp:featuredmedia":[{"embeddable":true,"href":"https:\/\/edam.com.tr\/en\/wp-json\/wp\/v2\/media\/14542"}],"wp:attachment":[{"href":"https:\/\/edam.com.tr\/en\/wp-json\/wp\/v2\/media?parent=14685"}],"wp:term":[{"taxonomy":"product_brand","embeddable":true,"href":"https:\/\/edam.com.tr\/en\/wp-json\/wp\/v2\/product_brand?post=14685"},{"taxonomy":"product_cat","embeddable":true,"href":"https:\/\/edam.com.tr\/en\/wp-json\/wp\/v2\/product_cat?post=14685"},{"taxonomy":"product_tag","embeddable":true,"href":"https:\/\/edam.com.tr\/en\/wp-json\/wp\/v2\/product_tag?post=14685"}],"curies":[{"name":"wp","href":"https:\/\/api.w.org\/{rel}","templated":true}]}}