{"id":14684,"date":"2024-03-20T18:19:26","date_gmt":"2024-03-20T15:19:26","guid":{"rendered":"https:\/\/edam.com.tr\/urun\/mahzendeki-misafir\/"},"modified":"2026-01-02T00:16:34","modified_gmt":"2026-01-01T21:16:34","slug":"mahzendeki-misafir","status":"publish","type":"product","link":"https:\/\/edam.com.tr\/en\/product\/mahzendeki-misafir\/","title":{"rendered":"Mahzendeki Misafir"},"content":{"rendered":"<p style=\"text-align: left;\">\u0130stanbul Kul\u00fcb\u00fc\u2019n\u00fcn \u00fcyeleri Bilge, Kerem, Mine, Mesut ve Semih her macerada \u0130stanbul\u2019un farkl\u0131 bir tarih\u00ee mek\u00e2n\u0131n\u0131 tan\u0131yorlar. K\u00e2h tarihte yolculuk ediyorlar k\u00e2h tarihten gelen bir misafiri a\u011f\u0131rl\u0131yorlar. Bu macerada da 1750 y\u0131l\u0131ndaki \u00c7ar\u015fuy-\u0131 Kebir yang\u0131n\u0131ndan ka\u00e7arken fark\u0131nda olmadan kendisini g\u00fcn\u00fcm\u00fczdeki bir evin bodrumunda bulan Hasan Efendi kahramanlar\u0131m\u0131za e\u015flik ediyor. Kahramanlar\u0131m\u0131z, Hasan Efendiyi kendi zaman\u0131na ve ailesine kavu\u015fturmak i\u00e7in \u00e7abalarken Kapal\u0131 \u00c7ar\u015f\u0131\u2019n\u0131n sokaklar\u0131nda e\u015fsiz bir macera ya\u015f\u0131yorlar. Aynac\u0131lar soka\u011f\u0131, Hal\u0131c\u0131lar soka\u011f\u0131, Sahaflar soka\u011f\u0131, Kalpak\u00e7\u0131lar soka\u011f\u0131, Mercan Kap\u0131s\u0131, Nuruosmaniye Kap\u0131s\u0131, \u0130\u00e7 Bedesten derken 45.000 metre karelik bir alan\u0131 tarihiyle ve bug\u00fcn\u00fcyle okurlara tan\u0131t\u0131yorlar.<\/p>\n","protected":false},"excerpt":{"rendered":"<p>\u0130stanbul Kul\u00fcb\u00fc\u2019n\u00fcn \u00fcyeleri Bilge, Kerem, Mine, Mesut ve Semih her&hellip;<\/p>\n<p> <a class=\"more-link\" href=\"https:\/\/edam.com.tr\/en\/product\/mahzendeki-misafir\/\">Read more<\/a><\/p>\n","protected":false},"featured_media":14556,"comment_status":"open","ping_status":"closed","template":"","meta":{"_acf_changed":false},"product_brand":[],"product_cat":[427,437,495],"product_tag":[],"class_list":{"0":"post-14684","1":"product","2":"type-product","3":"status-publish","4":"has-post-thumbnail","6":"product_cat-childrens","7":"product_cat-fiction","8":"product_cat-the-istanbul-club-series","9":"pa_katki-saglayan-hatice-isilak-durmus-en","10":"pa_katki-saglayan-ogan-kandemiroglu-en","11":"pa_katki-saglayan-yasemin-kahriman-en","12":"pa_yas-gruplari-9-12-en","14":"first","15":"instock","16":"taxable","17":"shipping-taxable","18":"purchasable","19":"product-type-simple"},"acf":[],"_links":{"self":[{"href":"https:\/\/edam.com.tr\/en\/wp-json\/wp\/v2\/product\/14684","targetHints":{"allow":["GET"]}}],"collection":[{"href":"https:\/\/edam.com.tr\/en\/wp-json\/wp\/v2\/product"}],"about":[{"href":"https:\/\/edam.com.tr\/en\/wp-json\/wp\/v2\/types\/product"}],"replies":[{"embeddable":true,"href":"https:\/\/edam.com.tr\/en\/wp-json\/wp\/v2\/comments?post=14684"}],"wp:featuredmedia":[{"embeddable":true,"href":"https:\/\/edam.com.tr\/en\/wp-json\/wp\/v2\/media\/14556"}],"wp:attachment":[{"href":"https:\/\/edam.com.tr\/en\/wp-json\/wp\/v2\/media?parent=14684"}],"wp:term":[{"taxonomy":"product_brand","embeddable":true,"href":"https:\/\/edam.com.tr\/en\/wp-json\/wp\/v2\/product_brand?post=14684"},{"taxonomy":"product_cat","embeddable":true,"href":"https:\/\/edam.com.tr\/en\/wp-json\/wp\/v2\/product_cat?post=14684"},{"taxonomy":"product_tag","embeddable":true,"href":"https:\/\/edam.com.tr\/en\/wp-json\/wp\/v2\/product_tag?post=14684"}],"curies":[{"name":"wp","href":"https:\/\/api.w.org\/{rel}","templated":true}]}}