{"id":14683,"date":"2024-03-20T18:19:27","date_gmt":"2024-03-20T15:19:27","guid":{"rendered":"https:\/\/edam.com.tr\/urun\/cunku-yasamak-ogrenmektir\/"},"modified":"2026-01-02T00:16:34","modified_gmt":"2026-01-01T21:16:34","slug":"cunku-yasamak-ogrenmektir","status":"publish","type":"product","link":"https:\/\/edam.com.tr\/en\/product\/cunku-yasamak-ogrenmektir\/","title":{"rendered":"\u00c7\u00fcnk\u00fc Ya\u015famak \u00d6\u011frenmektir"},"content":{"rendered":"<p>Kendi evinden gayet normal ve s\u0131radan bir \u015fekilde hayata kat\u0131lan \u00e7ocuklar\u0131n ve onlar\u0131 g\u00f6nderecek hi\u00e7bir okula ihtiya\u00e7 duymayan ailelerinin hik\u00e2yesini anlatan bu kitap, bilinmeyen bir d\u00fcnyan\u0131n kap\u0131s\u0131n\u0131 aral\u0131yor. Kurumlar\u0131n ve diplomalar\u0131n \u00f6tesinde, otonom ve heves dolu bir \u00f6\u011frenim d\u00fcnyas\u0131n\u0131n kap\u0131s\u0131n\u0131\u2026 Olivier Keller do\u011fal \u00f6\u011frenimin izlerini ke\u015ffetmek i\u00e7in \u00e7\u0131kt\u0131\u011f\u0131 bu yolculukta \u00e7ocuklar\u0131n\u0131n ya\u015fam ve \u00f6\u011frenim s\u00fcre\u00e7lerine \u00f6zenle ve bilin\u00e7li olarak refakat etmek isteyen aileleri y\u0131llarca g\u00f6zlemledi. Bu g\u00f6zlemlere dayanarak anlatt\u0131klar\u0131 ile Keller, d\u0131\u015far\u0131dan y\u00f6nlendirme ve m\u00fcdahale olmadan d\u00fcnyay\u0131 ke\u015ffetme f\u0131rsat\u0131 verilen \u00e7ocuklar\u0131n nas\u0131l geli\u015ftiklerini g\u00f6zler \u00f6n\u00fcne seriyor. Hem ebeveynleri hem de e\u011fitimcileri kendi yollar\u0131nda ilerlemeleri ve yeni ke\u015fifler yapmalar\u0131 konusunda cesaretlendiren zengin i\u00e7erikli bu kitap, \u00e7ocuklarla g\u00fcnl\u00fck hayat\u0131 yeniden d\u00fc\u015f\u00fcnmek i\u00e7in net ve pratik fikirler sunuyor. Kim bilir, belki bu fikirler uyguland\u0131\u011f\u0131nda \u00e7ocuklarda do\u011fal olarak var olan ke\u015ffetme d\u00fcrt\u00fcs\u00fc, yarat\u0131c\u0131l\u0131k ve canl\u0131l\u0131k korunabilir.<\/p>\n","protected":false},"excerpt":{"rendered":"<p>Kendi evinden gayet normal ve s\u0131radan bir \u015fekilde hayata kat\u0131lan&hellip;<\/p>\n<p> <a class=\"more-link\" href=\"https:\/\/edam.com.tr\/en\/product\/cunku-yasamak-ogrenmektir\/\">Read more<\/a><\/p>\n","protected":false},"featured_media":27723,"comment_status":"open","ping_status":"closed","template":"","meta":{"_acf_changed":false},"product_brand":[],"product_cat":[461,460,430],"product_tag":[],"class_list":{"0":"post-14683","1":"product","2":"type-product","3":"status-publish","4":"has-post-thumbnail","6":"product_cat-alternative-approaches","7":"product_cat-educational-sciences","8":"product_cat-nonfiction","9":"pa_katki-saglayan-bengu-soykal-en","10":"pa_katki-saglayan-hatice-isilak-durmus-en","11":"pa_katki-saglayan-olivier-keller-en","12":"pa_yas-gruplari-general-audience","14":"first","15":"instock","16":"featured","17":"taxable","18":"shipping-taxable","19":"purchasable","20":"product-type-simple"},"acf":[],"_links":{"self":[{"href":"https:\/\/edam.com.tr\/en\/wp-json\/wp\/v2\/product\/14683","targetHints":{"allow":["GET"]}}],"collection":[{"href":"https:\/\/edam.com.tr\/en\/wp-json\/wp\/v2\/product"}],"about":[{"href":"https:\/\/edam.com.tr\/en\/wp-json\/wp\/v2\/types\/product"}],"replies":[{"embeddable":true,"href":"https:\/\/edam.com.tr\/en\/wp-json\/wp\/v2\/comments?post=14683"}],"wp:featuredmedia":[{"embeddable":true,"href":"https:\/\/edam.com.tr\/en\/wp-json\/wp\/v2\/media\/27723"}],"wp:attachment":[{"href":"https:\/\/edam.com.tr\/en\/wp-json\/wp\/v2\/media?parent=14683"}],"wp:term":[{"taxonomy":"product_brand","embeddable":true,"href":"https:\/\/edam.com.tr\/en\/wp-json\/wp\/v2\/product_brand?post=14683"},{"taxonomy":"product_cat","embeddable":true,"href":"https:\/\/edam.com.tr\/en\/wp-json\/wp\/v2\/product_cat?post=14683"},{"taxonomy":"product_tag","embeddable":true,"href":"https:\/\/edam.com.tr\/en\/wp-json\/wp\/v2\/product_tag?post=14683"}],"curies":[{"name":"wp","href":"https:\/\/api.w.org\/{rel}","templated":true}]}}