{"id":14677,"date":"2024-03-20T18:19:27","date_gmt":"2024-03-20T15:19:27","guid":{"rendered":"https:\/\/edam.com.tr\/urun\/yerlesimin-sosyolojisi-istanbulda-yeni-bir-kentsel-alanin-gelisimi\/"},"modified":"2026-01-02T00:16:34","modified_gmt":"2026-01-01T21:16:34","slug":"yerlesimin-sosyolojisi-istanbulda-yeni-bir-kentsel-alanin-gelisimi","status":"publish","type":"product","link":"https:\/\/edam.com.tr\/en\/product\/yerlesimin-sosyolojisi-istanbulda-yeni-bir-kentsel-alanin-gelisimi\/","title":{"rendered":"Yerle\u015fimin Sosyolojisi: \u0130stanbul\u2019da Yeni Bir Kentsel Alan\u0131n Geli\u015fimi"},"content":{"rendered":"<p>T\u00fcrkiye\u2019de kent ara\u015ft\u0131rmalar\u0131na s\u0131kl\u0131kla konu olan \u0130stanbul\u2019un kent merkezini de\u011fil \u00e7eperinde geli\u015fen yeni kentsel alanlardan birine odaklanan bu kitab\u0131n amac\u0131 mek\u00e2nsal geli\u015fmeler ve yeni yerle\u015fmeler ekseninde toplumsal yap\u0131n\u0131n farkl\u0131la\u015ft\u0131\u011f\u0131 yeni kentsel alanlar\u0131n sosyolojisini yapmakt\u0131r. Kentte yeni kentsel alanlar nas\u0131l olu\u015fmakta, de\u011fi\u015fmekte ve farkl\u0131la\u015fmaktad\u0131r? Yeni kentsel alanlardaki de\u011fi\u015fimler nas\u0131l bir kentselli\u011fi ve dolay\u0131s\u0131yla toplumsall\u0131\u011f\u0131 ortaya \u00e7\u0131karmaktad\u0131r? Yeni kentsel alanlar 21. y\u00fczy\u0131lda \u0130stanbul\u2019un geli\u015fiminde ve T\u00fcrkiye\u2019nin kentle\u015fme s\u00fcrecinde yeni bir evreye i\u015faret etmekte ve bu yeni kentsel alanlar farkl\u0131 bir mek\u00e2nsal ve toplumsal geli\u015fmeyi ve de\u011fi\u015fimi do\u011furmaktad\u0131r. Art\u0131k yeni bir kentsel geni\u015fleme ve yay\u0131lma prati\u011fi bulunmaktad\u0131r ve bu durum yeni bir kentselli\u011fi ve toplumsall\u0131\u011f\u0131 i\u00e7inde bar\u0131nd\u0131rmaktad\u0131r. Beylikd\u00fcz\u00fc \u00f6rne\u011finden hareketle yeni kentsel alanlardaki yerle\u015fimin sosyolojisini yapmay\u0131 hedefleyen bu kitap yeni kentsel alanlara yeni bir isim koymak yerine nas\u0131l bir kentsellik oldu\u011funu anlamaya \u00e7al\u0131\u015fmaktad\u0131r.<\/p>\n","protected":false},"excerpt":{"rendered":"<p>T\u00fcrkiye\u2019de kent ara\u015ft\u0131rmalar\u0131na s\u0131kl\u0131kla konu olan \u0130stanbul\u2019un kent merkezini de\u011fil&hellip;<\/p>\n<p> <a class=\"more-link\" href=\"https:\/\/edam.com.tr\/en\/product\/yerlesimin-sosyolojisi-istanbulda-yeni-bir-kentsel-alanin-gelisimi\/\">Read more<\/a><\/p>\n","protected":false},"featured_media":14586,"comment_status":"open","ping_status":"closed","template":"","meta":{"_acf_changed":false},"product_brand":[],"product_cat":[430,509],"product_tag":[687,688,689],"class_list":{"0":"post-14677","1":"product","2":"type-product","3":"status-publish","4":"has-post-thumbnail","6":"product_cat-nonfiction","7":"product_cat-sociology","8":"product_tag-kent-sosyolojisi-en","9":"product_tag-sosyoloji-en","10":"product_tag-yerlesimin-sosyolojisi-en","11":"pa_katki-saglayan-murat-senturk-en","12":"pa_yas-gruplari-general-audience","14":"first","15":"outofstock","16":"taxable","17":"shipping-taxable","18":"purchasable","19":"product-type-simple"},"acf":[],"_links":{"self":[{"href":"https:\/\/edam.com.tr\/en\/wp-json\/wp\/v2\/product\/14677","targetHints":{"allow":["GET"]}}],"collection":[{"href":"https:\/\/edam.com.tr\/en\/wp-json\/wp\/v2\/product"}],"about":[{"href":"https:\/\/edam.com.tr\/en\/wp-json\/wp\/v2\/types\/product"}],"replies":[{"embeddable":true,"href":"https:\/\/edam.com.tr\/en\/wp-json\/wp\/v2\/comments?post=14677"}],"wp:featuredmedia":[{"embeddable":true,"href":"https:\/\/edam.com.tr\/en\/wp-json\/wp\/v2\/media\/14586"}],"wp:attachment":[{"href":"https:\/\/edam.com.tr\/en\/wp-json\/wp\/v2\/media?parent=14677"}],"wp:term":[{"taxonomy":"product_brand","embeddable":true,"href":"https:\/\/edam.com.tr\/en\/wp-json\/wp\/v2\/product_brand?post=14677"},{"taxonomy":"product_cat","embeddable":true,"href":"https:\/\/edam.com.tr\/en\/wp-json\/wp\/v2\/product_cat?post=14677"},{"taxonomy":"product_tag","embeddable":true,"href":"https:\/\/edam.com.tr\/en\/wp-json\/wp\/v2\/product_tag?post=14677"}],"curies":[{"name":"wp","href":"https:\/\/api.w.org\/{rel}","templated":true}]}}