{"id":14675,"date":"2024-03-20T18:19:28","date_gmt":"2024-03-20T15:19:28","guid":{"rendered":"https:\/\/edam.com.tr\/urun\/koca-cusseli-cocuk\/"},"modified":"2026-01-02T00:16:34","modified_gmt":"2026-01-01T21:16:34","slug":"koca-cusseli-cocuk","status":"publish","type":"product","link":"https:\/\/edam.com.tr\/en\/product\/koca-cusseli-cocuk\/","title":{"rendered":"Koca C\u00fcsseli \u00c7ocuk"},"content":{"rendered":"<p>Okuyucuya d\u0131\u015f g\u00f6r\u00fcn\u00fc\u015fleri sebebiyle alay edilen \u00e7ocuklar\u0131n hissettikleri duygular\u0131 anlama imk\u00e2n\u0131 sunan bu hik\u00e2ye, insanlar\u0131n d\u0131\u015f g\u00f6r\u00fcn\u00fc\u015f\u00fcne de\u011fil, kalplerine \u00f6nem verilmesi gerekti\u011fini anlatarak de\u011ferli bir mesaj sunmaktad\u0131r. Ayn\u0131 zamanda empati kurma ve \u00f6n yarg\u0131lardan kurtulma konular\u0131na de\u011finmesi de eserin istifade edilebilme kapasitesini g\u00fc\u00e7lendirmektedir. \u00d6te yandan duygusal anlat\u0131m\u0131 ve nahif \u00e7izimleri ile \u00e7ocuklar\u0131n duygusal ve sanatsal geli\u015fimlerine de katk\u0131da bulunmaktad\u0131r.<\/p>\n","protected":false},"excerpt":{"rendered":"<p>Okuyucuya d\u0131\u015f g\u00f6r\u00fcn\u00fc\u015fleri sebebiyle alay edilen \u00e7ocuklar\u0131n hissettikleri duygular\u0131 anlama&hellip;<\/p>\n<p> <a class=\"more-link\" href=\"https:\/\/edam.com.tr\/en\/product\/koca-cusseli-cocuk\/\">Read more<\/a><\/p>\n","protected":false},"featured_media":14600,"comment_status":"open","ping_status":"closed","template":"","meta":{"_acf_changed":false},"product_brand":[],"product_cat":[427,437],"product_tag":[],"class_list":{"0":"post-14675","1":"product","2":"type-product","3":"status-publish","4":"has-post-thumbnail","6":"product_cat-childrens","7":"product_cat-fiction","8":"pa_katki-saglayan-fatma-yilmaz-ozkaynak-en","9":"pa_katki-saglayan-hatice-isilak-durmus-en","10":"pa_katki-saglayan-muzeyyen-yilmaz-en","11":"pa_yas-gruplari-8-13-en","13":"first","14":"instock","15":"taxable","16":"shipping-taxable","17":"purchasable","18":"product-type-simple"},"acf":[],"_links":{"self":[{"href":"https:\/\/edam.com.tr\/en\/wp-json\/wp\/v2\/product\/14675","targetHints":{"allow":["GET"]}}],"collection":[{"href":"https:\/\/edam.com.tr\/en\/wp-json\/wp\/v2\/product"}],"about":[{"href":"https:\/\/edam.com.tr\/en\/wp-json\/wp\/v2\/types\/product"}],"replies":[{"embeddable":true,"href":"https:\/\/edam.com.tr\/en\/wp-json\/wp\/v2\/comments?post=14675"}],"wp:featuredmedia":[{"embeddable":true,"href":"https:\/\/edam.com.tr\/en\/wp-json\/wp\/v2\/media\/14600"}],"wp:attachment":[{"href":"https:\/\/edam.com.tr\/en\/wp-json\/wp\/v2\/media?parent=14675"}],"wp:term":[{"taxonomy":"product_brand","embeddable":true,"href":"https:\/\/edam.com.tr\/en\/wp-json\/wp\/v2\/product_brand?post=14675"},{"taxonomy":"product_cat","embeddable":true,"href":"https:\/\/edam.com.tr\/en\/wp-json\/wp\/v2\/product_cat?post=14675"},{"taxonomy":"product_tag","embeddable":true,"href":"https:\/\/edam.com.tr\/en\/wp-json\/wp\/v2\/product_tag?post=14675"}],"curies":[{"name":"wp","href":"https:\/\/api.w.org\/{rel}","templated":true}]}}