{"id":14652,"date":"2024-03-20T18:19:57","date_gmt":"2024-03-20T15:19:56","guid":{"rendered":"https:\/\/edam.com.tr\/urun\/hayat-sevincini-artirmanin-40-altin-kurali\/"},"modified":"2026-01-02T00:16:34","modified_gmt":"2026-01-01T21:16:34","slug":"hayat-sevincini-artirmanin-40-altin-kurali","status":"publish","type":"product","link":"https:\/\/edam.com.tr\/en\/product\/hayat-sevincini-artirmanin-40-altin-kurali\/","title":{"rendered":"Hayat Sevincini Art\u0131rman\u0131n 40 Alt\u0131n Kural\u0131"},"content":{"rendered":"<p>Bu kitapla bir yolculu\u011fa \u00e7\u0131k\u0131yoruz. 40 durakl\u0131 bir yolculuk bu. Her bir durakta s\u0131k\u0131nt\u0131lara, sorunlara ve hayat\u0131n getirdi\u011fi zorluklara ra\u011fmen hayat sevincini koruyabilmen i\u00e7in baz\u0131 ipu\u00e7lar\u0131 bulacaks\u0131n. \u201cHayat sevinci\u201d deyince her \u015feyi bo\u015f veren, e\u011flence ve haz odakl\u0131, s\u0131\u011f bir hayattan bahsetti\u011fimi zannetme sak\u0131n! Aksine de\u011ferlere dayal\u0131, her t\u00fcrl\u00fc ba\u011f\u0131ml\u0131l\u0131ktan uzak, insan v\u00fccudunda motivasyon sisteminin en do\u011fal h\u00e2liyle \u00e7al\u0131\u015fmas\u0131n\u0131 sa\u011flayan, sa\u011fl\u0131kl\u0131 oldu\u011funu fark edebilece\u011fin, kendinle ve ba\u015f\u0131na gelenlerle bar\u0131\u015f\u0131k bir hayat\u0131 kastediyorum.<\/p>\n<p>\u015eimdi kendine y\u00f6neltti\u011fin yarg\u0131lar\u0131, su\u00e7lamalar\u0131 ve olumsuzluklar\u0131 bir kenara koy, besmele \u00e7ek ve okumaya ba\u015fla!<\/p>\n","protected":false},"excerpt":{"rendered":"<p>Bu kitapla bir yolculu\u011fa \u00e7\u0131k\u0131yoruz. 40 durakl\u0131 bir yolculuk bu.&hellip;<\/p>\n<p> <a class=\"more-link\" href=\"https:\/\/edam.com.tr\/en\/product\/hayat-sevincini-artirmanin-40-altin-kurali\/\">Read more<\/a><\/p>\n","protected":false},"featured_media":14638,"comment_status":"open","ping_status":"closed","template":"","meta":{"_acf_changed":false},"product_brand":[],"product_cat":[430],"product_tag":[],"class_list":{"0":"post-14652","1":"product","2":"type-product","3":"status-publish","4":"has-post-thumbnail","6":"product_cat-nonfiction","7":"pa_katki-saglayan-ebrar-demir-en","8":"pa_katki-saglayan-hatice-isilak-durmus-en","9":"pa_yas-gruplari-general-audience","11":"first","12":"instock","13":"featured","14":"taxable","15":"shipping-taxable","16":"purchasable","17":"product-type-simple"},"acf":[],"_links":{"self":[{"href":"https:\/\/edam.com.tr\/en\/wp-json\/wp\/v2\/product\/14652","targetHints":{"allow":["GET"]}}],"collection":[{"href":"https:\/\/edam.com.tr\/en\/wp-json\/wp\/v2\/product"}],"about":[{"href":"https:\/\/edam.com.tr\/en\/wp-json\/wp\/v2\/types\/product"}],"replies":[{"embeddable":true,"href":"https:\/\/edam.com.tr\/en\/wp-json\/wp\/v2\/comments?post=14652"}],"wp:featuredmedia":[{"embeddable":true,"href":"https:\/\/edam.com.tr\/en\/wp-json\/wp\/v2\/media\/14638"}],"wp:attachment":[{"href":"https:\/\/edam.com.tr\/en\/wp-json\/wp\/v2\/media?parent=14652"}],"wp:term":[{"taxonomy":"product_brand","embeddable":true,"href":"https:\/\/edam.com.tr\/en\/wp-json\/wp\/v2\/product_brand?post=14652"},{"taxonomy":"product_cat","embeddable":true,"href":"https:\/\/edam.com.tr\/en\/wp-json\/wp\/v2\/product_cat?post=14652"},{"taxonomy":"product_tag","embeddable":true,"href":"https:\/\/edam.com.tr\/en\/wp-json\/wp\/v2\/product_tag?post=14652"}],"curies":[{"name":"wp","href":"https:\/\/api.w.org\/{rel}","templated":true}]}}