{"id":14330,"date":"2024-03-20T18:00:13","date_gmt":"2024-03-20T15:00:13","guid":{"rendered":"https:\/\/edam.com.tr\/?post_type=product&#038;p=14330"},"modified":"2026-01-02T00:16:33","modified_gmt":"2026-01-01T21:16:33","slug":"karinca-rasin-islamin-sartlari","status":"publish","type":"product","link":"https:\/\/edam.com.tr\/en\/product\/karinca-rasin-islamin-sartlari\/","title":{"rendered":"Kar\u0131nca Rasin &#8211; \u0130slam\u2019\u0131n \u015eartlar\u0131"},"content":{"rendered":"<p>Hajj was a dream. But dreams could come true! Why can\u2019t an ant go on hajj? Doesn\u2019t everyone say, \u00a8If there is a will, there is a way\u201d? Well, Rasin believed in his dreams and he had the courage to follow them. He had learnt about the five pillars of Islam and now he could go on hajj, too! If you think an ant cannot go on hajj then you must read Rasin\u2019s story.<\/p>\n","protected":false},"excerpt":{"rendered":"<p>Hajj was a dream. But dreams could come true! Why&hellip;<\/p>\n<p> <a class=\"more-link\" href=\"https:\/\/edam.com.tr\/en\/product\/karinca-rasin-islamin-sartlari\/\">Read more<\/a><\/p>\n","protected":false},"featured_media":12417,"comment_status":"open","ping_status":"closed","template":"","meta":{"_acf_changed":false},"product_brand":[],"product_cat":[433,447],"product_tag":[726],"class_list":{"0":"post-14330","1":"product","2":"type-product","3":"status-publish","4":"has-post-thumbnail","6":"product_cat-childrens-religious-books","7":"product_cat-fiction-childrens-religious-books","8":"product_tag-hac-en","9":"pa_katki-saglayan-alpaslan-durmus-en","10":"pa_katki-saglayan-derya-isik-ozbay-en","11":"pa_katki-saglayan-hatice-isilak-durmus-en","12":"pa_yas-gruplari-8-10-en","14":"first","15":"instock","16":"taxable","17":"shipping-taxable","18":"purchasable","19":"product-type-simple"},"acf":[],"_links":{"self":[{"href":"https:\/\/edam.com.tr\/en\/wp-json\/wp\/v2\/product\/14330","targetHints":{"allow":["GET"]}}],"collection":[{"href":"https:\/\/edam.com.tr\/en\/wp-json\/wp\/v2\/product"}],"about":[{"href":"https:\/\/edam.com.tr\/en\/wp-json\/wp\/v2\/types\/product"}],"replies":[{"embeddable":true,"href":"https:\/\/edam.com.tr\/en\/wp-json\/wp\/v2\/comments?post=14330"}],"wp:featuredmedia":[{"embeddable":true,"href":"https:\/\/edam.com.tr\/en\/wp-json\/wp\/v2\/media\/12417"}],"wp:attachment":[{"href":"https:\/\/edam.com.tr\/en\/wp-json\/wp\/v2\/media?parent=14330"}],"wp:term":[{"taxonomy":"product_brand","embeddable":true,"href":"https:\/\/edam.com.tr\/en\/wp-json\/wp\/v2\/product_brand?post=14330"},{"taxonomy":"product_cat","embeddable":true,"href":"https:\/\/edam.com.tr\/en\/wp-json\/wp\/v2\/product_cat?post=14330"},{"taxonomy":"product_tag","embeddable":true,"href":"https:\/\/edam.com.tr\/en\/wp-json\/wp\/v2\/product_tag?post=14330"}],"curies":[{"name":"wp","href":"https:\/\/api.w.org\/{rel}","templated":true}]}}