{"id":14315,"date":"2024-03-20T18:01:11","date_gmt":"2024-03-20T15:01:11","guid":{"rendered":"https:\/\/edam.com.tr\/?post_type=product&#038;p=14315"},"modified":"2026-01-02T00:16:33","modified_gmt":"2026-01-01T21:16:33","slug":"muzi-ucuk-kacik-bir-boyama-seruveni-20-adet-kartpostal","status":"publish","type":"product","link":"https:\/\/edam.com.tr\/en\/product\/muzi-ucuk-kacik-bir-boyama-seruveni-20-adet-kartpostal\/","title":{"rendered":"Muzi &#8211; U\u00e7uk Ka\u00e7\u0131k Bir Boyama Ser\u00fcveni (20 Adet Kartpostal)"},"content":{"rendered":"<p>A unique way to express your feelings in your own style. A Selection of the 20 most popular drawings from <strong>Muzi Coloring Book<\/strong>. Color these sweet and funky postcards and share them with your loved ones.<\/p>\n<div class=\"ratio ratio-16x9\"><iframe class=\"embed-responsive-item\" src=\"https:\/\/www.youtube-nocookie.com\/embed\/hjRkKDHB1fQ?rel=0\" allowfullscreen=\"allowfullscreen\"><\/iframe><\/div>\n","protected":false},"excerpt":{"rendered":"<p>A unique way to express your feelings in your own&hellip;<\/p>\n<p> <a class=\"more-link\" href=\"https:\/\/edam.com.tr\/en\/product\/muzi-ucuk-kacik-bir-boyama-seruveni-20-adet-kartpostal\/\">Read more<\/a><\/p>\n","protected":false},"featured_media":12521,"comment_status":"open","ping_status":"closed","template":"","meta":{"_acf_changed":false},"product_brand":[],"product_cat":[432,431,430],"product_tag":[747],"class_list":{"0":"post-14315","1":"product","2":"type-product","3":"status-publish","4":"has-post-thumbnail","6":"product_cat-coloring-for-adults","7":"product_cat-hobby","8":"product_cat-nonfiction","9":"product_tag-kartpostal-boyama-en","10":"pa_katki-saglayan-hatice-isilak-durmus-en","11":"pa_katki-saglayan-muzeyyen-yilmaz-en","12":"pa_yas-gruplari-13-plus","13":"pa_yas-gruplari-7-12-en","14":"pa_yas-gruplari-general-audience","16":"first","17":"instock","18":"taxable","19":"shipping-taxable","20":"purchasable","21":"product-type-simple"},"acf":[],"_links":{"self":[{"href":"https:\/\/edam.com.tr\/en\/wp-json\/wp\/v2\/product\/14315","targetHints":{"allow":["GET"]}}],"collection":[{"href":"https:\/\/edam.com.tr\/en\/wp-json\/wp\/v2\/product"}],"about":[{"href":"https:\/\/edam.com.tr\/en\/wp-json\/wp\/v2\/types\/product"}],"replies":[{"embeddable":true,"href":"https:\/\/edam.com.tr\/en\/wp-json\/wp\/v2\/comments?post=14315"}],"wp:featuredmedia":[{"embeddable":true,"href":"https:\/\/edam.com.tr\/en\/wp-json\/wp\/v2\/media\/12521"}],"wp:attachment":[{"href":"https:\/\/edam.com.tr\/en\/wp-json\/wp\/v2\/media?parent=14315"}],"wp:term":[{"taxonomy":"product_brand","embeddable":true,"href":"https:\/\/edam.com.tr\/en\/wp-json\/wp\/v2\/product_brand?post=14315"},{"taxonomy":"product_cat","embeddable":true,"href":"https:\/\/edam.com.tr\/en\/wp-json\/wp\/v2\/product_cat?post=14315"},{"taxonomy":"product_tag","embeddable":true,"href":"https:\/\/edam.com.tr\/en\/wp-json\/wp\/v2\/product_tag?post=14315"}],"curies":[{"name":"wp","href":"https:\/\/api.w.org\/{rel}","templated":true}]}}