{"id":14094,"date":"2024-03-20T18:09:18","date_gmt":"2024-03-20T15:09:18","guid":{"rendered":"https:\/\/edam.com.tr\/?post_type=product&#038;p=14094"},"modified":"2026-01-02T00:16:28","modified_gmt":"2026-01-01T21:16:28","slug":"hayta-ile-cemsit-hadis-ogreniyor","status":"publish","type":"product","link":"https:\/\/edam.com.tr\/en\/product\/hayta-ile-cemsit-hadis-ogreniyor\/","title":{"rendered":"Hayta ile Cem\u015fit Hadis \u00d6\u011freniyor"},"content":{"rendered":"<p>Zahid and Zaki are close friends. They are happy, bubbly and cheerful characters. They love a good laugh. They decide that they want to learn the sayings of Prophet Muhammad (saw) and apply them to their lives. This proves harder than they expect.<\/p>\n<p>With funny stories and amusing misunderstandings, Zahid and Zaki is a colorful journey learning the hadith. Full of illustrations this book is a must have in a Muslim household with young children.<\/p>\n","protected":false},"excerpt":{"rendered":"<p>Zahid and Zaki are close friends. They are happy, bubbly&hellip;<\/p>\n<p> <a class=\"more-link\" href=\"https:\/\/edam.com.tr\/en\/product\/hayta-ile-cemsit-hadis-ogreniyor\/\">Read more<\/a><\/p>\n","protected":false},"featured_media":13649,"comment_status":"open","ping_status":"closed","template":"","meta":{"_acf_changed":false},"product_brand":[],"product_cat":[433,447],"product_tag":[753,748,749],"class_list":{"0":"post-14094","1":"product","2":"type-product","3":"status-publish","4":"has-post-thumbnail","6":"product_cat-childrens-religious-books","7":"product_cat-fiction-childrens-religious-books","8":"product_tag-hadis-en","9":"product_tag-hz-muhammed-en","10":"product_tag-peygamber-en","11":"pa_katki-saglayan-aslihan-atik-en","12":"pa_katki-saglayan-hatice-isilak-durmus-en","13":"pa_katki-saglayan-muzeyyen-yilmaz-en","14":"pa_yas-gruplari-8-10-en","16":"first","17":"instock","18":"taxable","19":"shipping-taxable","20":"purchasable","21":"product-type-simple"},"acf":[],"_links":{"self":[{"href":"https:\/\/edam.com.tr\/en\/wp-json\/wp\/v2\/product\/14094","targetHints":{"allow":["GET"]}}],"collection":[{"href":"https:\/\/edam.com.tr\/en\/wp-json\/wp\/v2\/product"}],"about":[{"href":"https:\/\/edam.com.tr\/en\/wp-json\/wp\/v2\/types\/product"}],"replies":[{"embeddable":true,"href":"https:\/\/edam.com.tr\/en\/wp-json\/wp\/v2\/comments?post=14094"}],"wp:featuredmedia":[{"embeddable":true,"href":"https:\/\/edam.com.tr\/en\/wp-json\/wp\/v2\/media\/13649"}],"wp:attachment":[{"href":"https:\/\/edam.com.tr\/en\/wp-json\/wp\/v2\/media?parent=14094"}],"wp:term":[{"taxonomy":"product_brand","embeddable":true,"href":"https:\/\/edam.com.tr\/en\/wp-json\/wp\/v2\/product_brand?post=14094"},{"taxonomy":"product_cat","embeddable":true,"href":"https:\/\/edam.com.tr\/en\/wp-json\/wp\/v2\/product_cat?post=14094"},{"taxonomy":"product_tag","embeddable":true,"href":"https:\/\/edam.com.tr\/en\/wp-json\/wp\/v2\/product_tag?post=14094"}],"curies":[{"name":"wp","href":"https:\/\/api.w.org\/{rel}","templated":true}]}}