{"id":28607,"date":"2025-10-31T14:03:11","date_gmt":"2025-10-31T11:03:11","guid":{"rendered":"https:\/\/edam.com.tr\/?page_id=28607"},"modified":"2025-10-31T14:06:24","modified_gmt":"2025-10-31T11:06:24","slug":"contact","status":"publish","type":"page","link":"https:\/\/edam.com.tr\/en\/contact\/","title":{"rendered":"Contact"},"content":{"rendered":"\n\n\t<strong>Address<br \/>\n<\/strong>\u0130cadiye Mahallesi \u0130cadiye Hamam\u0131 Sokak No:58 34674 Kuzguncuk, \u00dcsk\u00fcdar, \u0130stanbul\n<strong>Phone<\/strong><br \/>\n+90 216 481 30 23\n<strong>GSM \/ WhatsApp<\/strong><br \/>\n+90 541 580 15 35\n<strong>E-mail<\/strong><br \/>\nedam@edam.com.tr\n<p><a href=\"https:\/\/edam.com.tr\/en\/newsletter-subscription\/\">Newsletter Subscription<\/a><\/p>\n<p>&nbsp;<\/p>\n\t<iframe src=\"https:\/\/www.google.com\/maps\/embed?pb=!1m14!1m8!1m3!1d6019.421201695998!2d29.031139999999997!3d41.031587!3m2!1i1024!2i768!4f13.1!3m3!1m2!1s0x14cac8467a125509%3A0xa02bd2722add7b3f!2zRURBTSBFxJ9pdGltIERhbsSxxZ9tYW5sxLHEn8SxIHZlIEFyYcWfdMSxcm1hbGFyxLEgTWVya2V6aQ!5e0!3m2!1str!2sus!4v1761908512740!5m2!1str!2sus\" width=\"750\" height=\"450\" allowfullscreen=\"\" loading=\"lazy\" referrerpolicy=\"no-referrer-when-downgrade\"><\/iframe>\n\n","protected":false},"excerpt":{"rendered":"<p>Address \u0130cadiye Mahallesi \u0130cadiye Hamam\u0131 Sokak No:58 34674 Kuzguncuk, \u00dcsk\u00fcdar,&hellip;<\/p>\n<p> <a class=\"more-link\" href=\"https:\/\/edam.com.tr\/en\/contact\/\">Read more<\/a><\/p>\n","protected":false},"author":1,"featured_media":0,"parent":0,"menu_order":0,"comment_status":"closed","ping_status":"closed","template":"","meta":{"_acf_changed":false,"footnotes":""},"class_list":["post-28607","page","type-page","status-publish"],"acf":[],"_links":{"self":[{"href":"https:\/\/edam.com.tr\/en\/wp-json\/wp\/v2\/pages\/28607","targetHints":{"allow":["GET"]}}],"collection":[{"href":"https:\/\/edam.com.tr\/en\/wp-json\/wp\/v2\/pages"}],"about":[{"href":"https:\/\/edam.com.tr\/en\/wp-json\/wp\/v2\/types\/page"}],"author":[{"embeddable":true,"href":"https:\/\/edam.com.tr\/en\/wp-json\/wp\/v2\/users\/1"}],"replies":[{"embeddable":true,"href":"https:\/\/edam.com.tr\/en\/wp-json\/wp\/v2\/comments?post=28607"}],"version-history":[{"count":4,"href":"https:\/\/edam.com.tr\/en\/wp-json\/wp\/v2\/pages\/28607\/revisions"}],"predecessor-version":[{"id":28613,"href":"https:\/\/edam.com.tr\/en\/wp-json\/wp\/v2\/pages\/28607\/revisions\/28613"}],"wp:attachment":[{"href":"https:\/\/edam.com.tr\/en\/wp-json\/wp\/v2\/media?parent=28607"}],"curies":[{"name":"wp","href":"https:\/\/api.w.org\/{rel}","templated":true}]}}