{"id":28575,"date":"2025-10-30T15:50:29","date_gmt":"2025-10-30T12:50:29","guid":{"rendered":"https:\/\/edam.com.tr\/?page_id=28575"},"modified":"2025-10-30T15:50:36","modified_gmt":"2025-10-30T12:50:36","slug":"research","status":"publish","type":"page","link":"https:\/\/edam.com.tr\/en\/research\/","title":{"rendered":"Research"},"content":{"rendered":"\n\n\t<ul>\n<li>EDAM conducts qualitative and quantitative research, structured in accordance with the demands and needs of different organizations.\n<ul>\n<li>ASAGEM (Aile Sosyal Ara\u015ft\u0131rmalar Genel M\u00fcd\u00fcrl\u00fc\u011f\u00fc) [General Directorate of Family and Social Researches]<br \/>\n<em>Medya Profesyonellerinin ve Medyan\u0131n Aile Alg\u0131s\u0131 ve Aile De\u011ferleri (Perceptions of Family and Family Values among Media Professional and Media),<\/em>\u00a02007.<\/li>\n<li>ASAGEM (Aile Sosyal Ara\u015ft\u0131rmalar Genel M\u00fcd\u00fcrl\u00fc\u011f\u00fc) [General Directorate of Family and Social Researches]<br \/>\n<em>\u00c7ocuklara Y\u00f6nelik Programlar ve Bu Programlarda Yay\u0131mlanan Reklamlar\u0131n \u0130\u00e7erik Analizi \u00a0[Children&#8217;s Programs and the Content Analysis of Advertisements Broadcast in These Programs],<\/em>\u00a02008.<\/li>\n<li>DPT (Ba\u015fbakanl\u0131k Devlet Planlama Te\u015fkilat\u0131 M\u00fcste\u015farl\u0131\u011f\u0131) [Prime Ministry Undersecretariat for State Planning Organization]<br \/>\n<em>YOS\u0130P (Y\u00fcksek \u00d6\u011fretim Sistemi ile \u0130\u015f Piyasas\u0131 Aras\u0131ndaki Uyum D\u00fczeyinin Analizi ve Arz Talep Projeksiyonlar\u0131) [YOS\u0130P &#8211; Analysis of the Level of Concordance between Higher Education System and Labour Market and Projections of Supply and Demand]<\/em>, 2009.<\/li>\n<li>\u0130LKE Association &#8211; G\u00f6n\u00fcl Ku\u015fa\u011f\u0131 Association<br \/>\n<em>T\u00fcrkiye&#8217;de Sosyal Yard\u0131m: Kurumlar, Politikalar ve Yeni \u0130htiya\u00e7lar [Social Relief in Turkey: Institutions, Policies and New Needs]<\/em>, 2010.<\/li>\n<li>\u0130LKE Association &#8211; Association for Economic Enterprise and Work Ethics<br \/>\n<em>\u0130\u015e&#8217;te Ahlak: T\u00fcrkiye&#8217;de \u0130\u015f Ahlak\u0131 Alan\u0131, Mevcut Durum ve \u00d6neriler [Work Ethics: The Field of Work Ethics in Turkey, Current Situation and Suggestions]<\/em>, 2010.<\/li>\n<li>\u0130LKE Association &#8211; Association for Informal Education and Culture<br \/>\n<em>Ta\u015f\u0131 Gedi\u011fine Koymak: Yayg\u0131n Din E\u011fitimi Alan\u0131nda \u0130htiya\u00e7lar ve Gelecek Y\u00f6nelimleri [Making a Point: Needs and Future Orientations in the Field of Informal Religious Education]<\/em>, 2010.<\/li>\n<li>T\u00dcR\u00c7EK (T\u00fcrbeler, \u00c7e\u015fmeler, Ta\u015f\u0131n\u0131r, Ta\u015f\u0131nmaz K\u00fclt\u00fcr Varl\u0131klar\u0131n\u0131 Koruma ve Ya\u015fatma Derne\u011fi) [Association for the Protection and Sustenance of Shrines, Historic Fountains, Movable and Immovable Cultural Assets]<br \/>\n<em>T\u00fcrbe Ziyaret\u00e7ilerinin Profili, Beklentileri ve Bu Beklentilerin Kar\u015f\u0131lanma D\u00fczeyi [The Profile and Expectations of Shrine Visitors and the Level of Satisfaction of Their Expectations]<\/em>, 2012.<\/li>\n<\/ul>\n<\/li>\n<\/ul>\n<h2>\n\t\t\tAkademik Journals\t<\/h2>\n\t<h3>Turkish Journal of Business Ethics<\/h3>\n<p><img loading=\"lazy\" decoding=\"async\" src=\"https:\/\/edam.com.tr\/wp-content\/uploads\/2024\/07\/is-ahlaki-211x300.jpeg\" sizes=\"auto, (max-width: 211px) 100vw, 211px\" srcset=\"https:\/\/edam.com.tr\/wp-content\/uploads\/2024\/07\/is-ahlaki-211x300.jpeg 211w, https:\/\/edam.com.tr\/wp-content\/uploads\/2024\/07\/is-ahlaki-719x1024.jpeg 719w, https:\/\/edam.com.tr\/wp-content\/uploads\/2024\/07\/is-ahlaki-768x1094.jpeg 768w, https:\/\/edam.com.tr\/wp-content\/uploads\/2024\/07\/is-ahlaki-200x285.jpeg 200w, https:\/\/edam.com.tr\/wp-content\/uploads\/2024\/07\/is-ahlaki.jpeg 936w\" alt=\"\" width=\"211\" height=\"300\" \/><\/p>\n<p>Turkish Journal of Business Ethics is an international scientific journal for the publication of research and studies covering all aspects of business ethics and related issues. The journal&#8217;s goal is to aid and facilitate both international and interdisciplinary scientific communication, to strengthen the links between scientific research and management policy in Turkey, and to stimulate and enhance the quality of debate. Representing an interdisciplinary forum for the exchange of recent data and expert opinions, it reflects the importance of a comprehensive approach to the business ethics in Turkey.<\/p>\n<p><a href=\"http:\/\/isahlakidergisi.com\/\" target=\"_blank\" rel=\"noopener\">Click to visit TJBE web site.<\/a><\/p>\n\t<hr \/>\n<h3>Addicta: The Turkish Journal on Addictions<\/h3>\n<p><img loading=\"lazy\" decoding=\"async\" src=\"https:\/\/edam.com.tr\/wp-content\/uploads\/2024\/07\/addicta-211x300.jpeg\" sizes=\"auto, (max-width: 211px) 100vw, 211px\" srcset=\"https:\/\/edam.com.tr\/wp-content\/uploads\/2024\/07\/addicta-211x300.jpeg 211w, https:\/\/edam.com.tr\/wp-content\/uploads\/2024\/07\/addicta-719x1024.jpeg 719w, https:\/\/edam.com.tr\/wp-content\/uploads\/2024\/07\/addicta-768x1094.jpeg 768w, https:\/\/edam.com.tr\/wp-content\/uploads\/2024\/07\/addicta-200x285.jpeg 200w, https:\/\/edam.com.tr\/wp-content\/uploads\/2024\/07\/addicta.jpeg 936w\" alt=\"\" width=\"211\" height=\"300\" \/><\/p>\n<p>Addicta: The Turkish Journal on Addictions is an international scientific journal for the publication of research and studies covering all aspects of addiction and related disorders. Representing an interdisciplinary forum for the exchange of recent data and expert opinions, it reflects the importance of a comprehensive approach for resolving the problems of substance abuse and addiction in Turkey. Addicta is the official peer-reviewed, international journal of the Turkish Green Crescent Society.<\/p>\n<p><a href=\"https:\/\/addicta.com.tr\/\" target=\"_blank\" rel=\"noopener\">Click to visit Addicta web site.<\/a><\/p>\n\t<hr \/>\n<h3>Middle East Journal of Refugee Studies<\/h3>\n<p><img loading=\"lazy\" decoding=\"async\" src=\"https:\/\/edam.com.tr\/wp-content\/uploads\/2024\/06\/mejrs-211x300.jpeg\" sizes=\"auto, (max-width: 211px) 100vw, 211px\" srcset=\"https:\/\/edam.com.tr\/wp-content\/uploads\/2024\/06\/mejrs-211x300.jpeg 211w, https:\/\/edam.com.tr\/wp-content\/uploads\/2024\/06\/mejrs-719x1024.jpeg 719w, https:\/\/edam.com.tr\/wp-content\/uploads\/2024\/06\/mejrs-768x1094.jpeg 768w, https:\/\/edam.com.tr\/wp-content\/uploads\/2024\/06\/mejrs-200x285.jpeg 200w, https:\/\/edam.com.tr\/wp-content\/uploads\/2024\/06\/mejrs.jpeg 936w\" alt=\"\" width=\"211\" height=\"300\" \/><\/p>\n<p>The Middle East Journal of Refugee Studies (MEJRS) is the official open-access, double-blind peer-reviewed, international journal of The International Refugee Rights Association. MEJRS is a scientific journal for the publication of research and studies covering all aspects of refugees and related issues.<\/p>\n<p><a href=\"https:\/\/mejrs.com\/\" target=\"_blank\" rel=\"noopener\">Click to visit MEJRS web site.<\/a><\/p>\n\t<hr \/>\n<h3>Sanitas Magisterium<\/h3>\n<p><img loading=\"lazy\" decoding=\"async\" src=\"https:\/\/edam.com.tr\/wp-content\/uploads\/2024\/06\/sanitas-magisterium-211x300.jpeg\" sizes=\"auto, (max-width: 211px) 100vw, 211px\" srcset=\"https:\/\/edam.com.tr\/wp-content\/uploads\/2024\/06\/sanitas-magisterium-211x300.jpeg 211w, https:\/\/edam.com.tr\/wp-content\/uploads\/2024\/06\/sanitas-magisterium-719x1024.jpeg 719w, https:\/\/edam.com.tr\/wp-content\/uploads\/2024\/06\/sanitas-magisterium-768x1094.jpeg 768w, https:\/\/edam.com.tr\/wp-content\/uploads\/2024\/06\/sanitas-magisterium-200x285.jpeg 200w, https:\/\/edam.com.tr\/wp-content\/uploads\/2024\/06\/sanitas-magisterium.jpeg 936w\" alt=\"\" width=\"211\" height=\"300\" \/>Sanitas Magisterium is an open access, on-line journal that aims to publish complete and reliable information on the discoveries and current developments in the fields of Health Education and Administration. This journal publishes research manuscripts in the field of education and administration.<\/p>\n\t<hr \/>\n<h3>Talim<\/h3>\n<p><img loading=\"lazy\" decoding=\"async\" src=\"https:\/\/edam.com.tr\/wp-content\/uploads\/2024\/06\/talim-209x300.jpeg\" sizes=\"auto, (max-width: 209px) 100vw, 209px\" srcset=\"https:\/\/edam.com.tr\/wp-content\/uploads\/2024\/06\/talim-209x300.jpeg 209w, https:\/\/edam.com.tr\/wp-content\/uploads\/2024\/06\/talim-200x287.jpeg 200w, https:\/\/edam.com.tr\/wp-content\/uploads\/2024\/06\/talim.jpeg 635w\" alt=\"\" width=\"209\" height=\"300\" \/><\/p>\n<p>Talim: Journal of Education in Muslim Societies and Communities is a peer-reviewed academic journal.<\/p>\n<p>Talim, with a focus on religious education in Muslim societies and communities, publishes theoretical and applied studies that address this issue from a disciplinary or interdisciplinary point of view.<\/p>\n<p><a href=\"https:\/\/talimdergisi.com\/\" target=\"_blank\" rel=\"noopener\">Click to visit Talim web site.<\/a><\/p>\n\t<hr \/>\n<h3>Journal of Civil Society<\/h3>\n<p><img loading=\"lazy\" decoding=\"async\" src=\"https:\/\/edam.com.tr\/wp-content\/uploads\/2024\/06\/sivil-toplum-dergisi-185x300.jpeg\" sizes=\"auto, (max-width: 185px) 100vw, 185px\" srcset=\"https:\/\/edam.com.tr\/wp-content\/uploads\/2024\/06\/sivil-toplum-dergisi-185x300.jpeg 185w, https:\/\/edam.com.tr\/wp-content\/uploads\/2024\/06\/sivil-toplum-dergisi-200x325.jpeg 200w, https:\/\/edam.com.tr\/wp-content\/uploads\/2024\/06\/sivil-toplum-dergisi.jpeg 295w\" alt=\"\" width=\"185\" height=\"300\" \/><\/p>\n<p>Journal of Civil Society.<\/p>\n\t<hr \/>\n<h3>Kad\u0131n \u00c7al\u0131\u015fmalar\u0131 Dergisi<\/h3>\n<p><img loading=\"lazy\" decoding=\"async\" src=\"https:\/\/edam.com.tr\/wp-content\/uploads\/2024\/06\/kcd-218x300.jpeg\" sizes=\"auto, (max-width: 218px) 100vw, 218px\" srcset=\"https:\/\/edam.com.tr\/wp-content\/uploads\/2024\/06\/kcd-218x300.jpeg 218w, https:\/\/edam.com.tr\/wp-content\/uploads\/2024\/06\/kcd-200x275.jpeg 200w, https:\/\/edam.com.tr\/wp-content\/uploads\/2024\/06\/kcd.jpeg 436w\" alt=\"\" width=\"218\" height=\"300\" \/>Kad\u0131n \u00c7al\u0131\u015fmalar\u0131 Dergisi.<\/p>\n\t<hr \/>\n<h3>Human Rights Review<\/h3>\n<p><img loading=\"lazy\" decoding=\"async\" src=\"https:\/\/edam.com.tr\/wp-content\/uploads\/2024\/06\/insan-haklari-arastirmalari-209x300.jpeg\" sizes=\"auto, (max-width: 209px) 100vw, 209px\" srcset=\"https:\/\/edam.com.tr\/wp-content\/uploads\/2024\/06\/insan-haklari-arastirmalari-209x300.jpeg 209w, https:\/\/edam.com.tr\/wp-content\/uploads\/2024\/06\/insan-haklari-arastirmalari-200x288.jpeg 200w, https:\/\/edam.com.tr\/wp-content\/uploads\/2024\/06\/insan-haklari-arastirmalari.jpeg 632w\" alt=\"\" width=\"209\" height=\"300\" \/>Human Rights Review.<\/p>\n\t<hr \/>\n<h3>\u0130\u00e7erik Dergisi<\/h3>\n<p><img loading=\"lazy\" decoding=\"async\" src=\"https:\/\/edam.com.tr\/wp-content\/uploads\/2024\/06\/icerik-202x300.jpeg\" sizes=\"auto, (max-width: 202px) 100vw, 202px\" srcset=\"https:\/\/edam.com.tr\/wp-content\/uploads\/2024\/06\/icerik-202x300.jpeg 202w, https:\/\/edam.com.tr\/wp-content\/uploads\/2024\/06\/icerik-200x297.jpeg 200w, https:\/\/edam.com.tr\/wp-content\/uploads\/2024\/06\/icerik.jpeg 404w\" alt=\"\" width=\"202\" height=\"300\" \/>\u0130\u00e7erik Dergisi.<\/p>\n\t<hr \/>\n<h3>Journal of Values Education (DED)<\/h3>\n<p><img loading=\"lazy\" decoding=\"async\" src=\"https:\/\/edam.com.tr\/wp-content\/uploads\/2024\/06\/ded-209x300.jpeg\" sizes=\"auto, (max-width: 209px) 100vw, 209px\" srcset=\"https:\/\/edam.com.tr\/wp-content\/uploads\/2024\/06\/ded-209x300.jpeg 209w, https:\/\/edam.com.tr\/wp-content\/uploads\/2024\/06\/ded-200x287.jpeg 200w, https:\/\/edam.com.tr\/wp-content\/uploads\/2024\/06\/ded.jpeg 474w\" alt=\"\" width=\"209\" height=\"300\" \/>Journal of Values Education (DED).<\/p>\n\t<hr \/>\n<h3>Toplumsal De\u011fi\u015fim<\/h3>\n<p><img loading=\"lazy\" decoding=\"async\" src=\"https:\/\/edam.com.tr\/wp-content\/uploads\/2024\/06\/toplumsal-degisim-dergisi-209x300.jpeg\" sizes=\"auto, (max-width: 209px) 100vw, 209px\" srcset=\"https:\/\/edam.com.tr\/wp-content\/uploads\/2024\/06\/toplumsal-degisim-dergisi-209x300.jpeg 209w, https:\/\/edam.com.tr\/wp-content\/uploads\/2024\/06\/toplumsal-degisim-dergisi-200x287.jpeg 200w, https:\/\/edam.com.tr\/wp-content\/uploads\/2024\/06\/toplumsal-degisim-dergisi.jpeg 631w\" alt=\"\" width=\"209\" height=\"300\" \/><\/p>\n<p><a href=\"https:\/\/toplumsaldegisim.com\/\" target=\"_blank\" rel=\"noopener\">Click to visit Toplumsal De\u011fi\u015fim web site.<\/a><\/p>\n<p>&nbsp;<\/p>\n\n","protected":false},"excerpt":{"rendered":"<p>EDAM conducts qualitative and quantitative research, structured in accordance with&hellip;<\/p>\n<p> <a class=\"more-link\" href=\"https:\/\/edam.com.tr\/en\/research\/\">Read more<\/a><\/p>\n","protected":false},"author":1,"featured_media":0,"parent":0,"menu_order":0,"comment_status":"closed","ping_status":"closed","template":"","meta":{"_acf_changed":false,"footnotes":""},"class_list":["post-28575","page","type-page","status-publish"],"acf":[],"_links":{"self":[{"href":"https:\/\/edam.com.tr\/en\/wp-json\/wp\/v2\/pages\/28575","targetHints":{"allow":["GET"]}}],"collection":[{"href":"https:\/\/edam.com.tr\/en\/wp-json\/wp\/v2\/pages"}],"about":[{"href":"https:\/\/edam.com.tr\/en\/wp-json\/wp\/v2\/types\/page"}],"author":[{"embeddable":true,"href":"https:\/\/edam.com.tr\/en\/wp-json\/wp\/v2\/users\/1"}],"replies":[{"embeddable":true,"href":"https:\/\/edam.com.tr\/en\/wp-json\/wp\/v2\/comments?post=28575"}],"version-history":[{"count":3,"href":"https:\/\/edam.com.tr\/en\/wp-json\/wp\/v2\/pages\/28575\/revisions"}],"predecessor-version":[{"id":28580,"href":"https:\/\/edam.com.tr\/en\/wp-json\/wp\/v2\/pages\/28575\/revisions\/28580"}],"wp:attachment":[{"href":"https:\/\/edam.com.tr\/en\/wp-json\/wp\/v2\/media?parent=28575"}],"curies":[{"name":"wp","href":"https:\/\/api.w.org\/{rel}","templated":true}]}}